{"id":27106,"date":"2023-07-13T12:36:26","date_gmt":"2023-07-13T10:36:26","guid":{"rendered":"https:\/\/baskeuball.eu\/privatumo-politika"},"modified":"2025-10-14T12:20:45","modified_gmt":"2025-10-14T10:20:45","slug":"privatumo-politika","status":"publish","type":"page","link":"https:\/\/baskeuball.eu\/lt\/privatumo-politika","title":{"rendered":"Privatumo politika"},"content":{"rendered":"\n<h2 class=\"wp-block-heading\">Kas mes esame<\/h2>\n\n<p><strong class=\"privacy-policy-tutorial\">Si\u016blomas tekstas:<\/strong> M\u016bs\u0173 svetain\u0117s adresas yra: http:\/\/baskeuball.eu.<\/p>\n\n<h2 class=\"wp-block-heading\">Komentarai<\/h2>\n\n<p><strong class=\"privacy-policy-tutorial\">Si\u016blomas tekstas:<\/strong> Kai lankytojai palieka komentarus svetain\u0117je, mes renkame komentar\u0173 formoje rodomus duomenis, taip pat lankytojo IP adres\u0105 ir nar\u0161ykl\u0117s vartotojo agento eilut\u0119, kad pad\u0117tume aptikti \u0161lam\u0161t\u0105.<\/p>\n\n<p>Anonimin\u0117 eilut\u0117, sukurta i\u0161 j\u016bs\u0173 el. pa\u0161to adreso (dar vadinama mai\u0161os kodu), gali b\u016bti pateikta \u201eGravatar\u201c paslaugai, kad b\u016bt\u0173 galima patikrinti, ar j\u016bs ja naudojat\u0117s. \u201eGravatar\u201c paslaugos privatumo politika pateikiama \u010dia: https:\/\/automattic.com\/privacy\/. Patvirtinus j\u016bs\u0173 komentar\u0105, j\u016bs\u0173 profilio nuotrauka tampa matoma vie\u0161ai j\u016bs\u0173 komentaro kontekste. <\/p>\n\n<h2 class=\"wp-block-heading\">\u017diniasklaida<\/h2>\n\n<p><strong class=\"privacy-policy-tutorial\">Si\u016blomas tekstas:<\/strong> Jei \u012f svetain\u0119 keliate vaizdus, \u200b\u200bvenkite \u012fkelti vaizd\u0173 su \u012fterptais vietos duomenimis (EXIF GPS). Svetain\u0117s lankytojai gali atsisi\u0173sti ir i\u0161gauti bet kokius vietos duomenis i\u0161 svetain\u0117je esan\u010di\u0173 vaizd\u0173. <\/p>\n\n<h2 class=\"wp-block-heading\">Slapukai<\/h2>\n\n<p><strong class=\"privacy-policy-tutorial\">Si\u016blomas tekstas:<\/strong> Jei paliksite komentar\u0105 m\u016bs\u0173 svetain\u0117je, galite sutikti, kad j\u016bs\u0173 vardas, el. pa\u0161to adresas ir svetain\u0117 b\u016bt\u0173 i\u0161saugoti slapukuose. Jie skirti j\u016bs\u0173 patogumui, kad jums nereik\u0117t\u0173 dar kart\u0105 pildyti savo duomen\u0173 paliekant kit\u0105 komentar\u0105. \u0160ie slapukai galios vienerius metus.  <\/p>\n\n<p>Jei apsilankysite m\u016bs\u0173 prisijungimo puslapyje, nustatysime laikin\u0105 slapuk\u0105, kad nustatytume, ar j\u016bs\u0173 nar\u0161ykl\u0117 priima slapukus. \u0160iame slapuke n\u0117ra joki\u0173 asmenini\u0173 duomen\u0173 ir jis i\u0161trinamas, kai u\u017edarote nar\u0161ykl\u0119. <\/p>\n\n<p>Kai prisijungsite, taip pat nustatysime kelis slapukus, kad i\u0161saugotume j\u016bs\u0173 prisijungimo informacij\u0105 ir ekrano rodymo pasirinkimus. Prisijungimo slapukai galioja dvi dienas, o ekrano parink\u010di\u0173 slapukai \u2013 metus. Jei pasirinksite \u201ePrisiminti mane\u201c, j\u016bs\u0173 prisijungimas i\u0161liks dvi savaites. Jei atsijungsite nuo savo paskyros, prisijungimo slapukai bus pa\u0161alinti.   <\/p>\n\n<p>Jei redaguojate arba publikuojate straipsn\u012f, j\u016bs\u0173 nar\u0161ykl\u0117je bus i\u0161saugotas papildomas slapukas. \u0160iame slapuke n\u0117ra joki\u0173 asmenini\u0173 duomen\u0173 ir jis tiesiog nurodo k\u0105 tik redaguoto straipsnio ID. Jis baigia galioti po 1 dienos.  <\/p>\n\n<h2 class=\"wp-block-heading\">\u012eterptas turinys i\u0161 kit\u0173 svetaini\u0173<\/h2>\n\n<p><strong class=\"privacy-policy-tutorial\">Si\u016blomas tekstas:<\/strong> \u0161ios svetain\u0117s straipsniuose gali b\u016bti \u012fterptojo turinio (pvz., vaizdo \u012fra\u0161\u0173, paveiksl\u0117li\u0173, straipsni\u0173 ir kt.). \u012eterptasis turinys i\u0161 kit\u0173 svetaini\u0173 elgiasi lygiai taip pat, lyg lankytojas b\u016bt\u0173 apsilank\u0119s kitoje svetain\u0117je. <\/p>\n\n<p>\u0160ios svetain\u0117s gali rinkti duomenis apie jus, naudoti slapukus, \u012fterpti papildom\u0105 tre\u010di\u0173j\u0173 \u0161ali\u0173 steb\u0117jim\u0105 ir steb\u0117ti j\u016bs\u0173 s\u0105veik\u0105 su \u012fterptuoju turiniu, \u012fskaitant j\u016bs\u0173 s\u0105veikos su \u012fterptuoju turiniu steb\u0117jim\u0105, jei turite paskyr\u0105 ir esate prisijung\u0119 prie tos svetain\u0117s.<\/p>\n\n<h2 class=\"wp-block-heading\">Su kuo mes dalijam\u0117s j\u016bs\u0173 duomenimis<\/h2>\n\n<p><strong class=\"privacy-policy-tutorial\">Si\u016blomas tekstas:<\/strong> Jei pateiksite u\u017eklaus\u0105 d\u0117l slapta\u017eod\u017eio atk\u016brimo, j\u016bs\u0173 IP adresas bus \u012ftrauktas \u012f el. lai\u0161k\u0105 d\u0117l slapta\u017eod\u017eio atk\u016brimo.<\/p>\n\n<h2 class=\"wp-block-heading\">Kiek laiko saugome j\u016bs\u0173 duomenis<\/h2>\n\n<p><strong class=\"privacy-policy-tutorial\">Si\u016blomas tekstas:<\/strong> Jei paliekate komentar\u0105, komentaras ir jo metaduomenys saugomi neribot\u0105 laik\u0105. Taip siekiama, kad gal\u0117tume automati\u0161kai atpa\u017einti ir patvirtinti visus tolesnius komentarus, o ne laikyti juos moderavimo eil\u0117je. <\/p>\n\n<p>Vartotoj\u0173, kurie registruojasi m\u016bs\u0173 svetain\u0117je (jei toki\u0173 yra), asmenin\u0119 informacij\u0105, kuri\u0105 jie pateikia savo vartotojo profilyje, taip pat saugome. Visi vartotojai gali bet kada per\u017ei\u016br\u0117ti, redaguoti arba i\u0161trinti savo asmenin\u0119 informacij\u0105 (i\u0161skyrus tai, kad jie negali pakeisti savo vartotojo vardo). Svetain\u0117s administratoriai taip pat gali per\u017ei\u016br\u0117ti ir redaguoti \u0161i\u0105 informacij\u0105.  <\/p>\n\n<h2 class=\"wp-block-heading\">Kokias teises turite d\u0117l savo duomen\u0173<\/h2>\n\n<p><strong class=\"privacy-policy-tutorial\">Si\u016blomas tekstas:<\/strong> Jei turite paskyr\u0105 \u0161ioje svetain\u0117je arba palikote komentar\u0173, galite papra\u0161yti gauti eksportuot\u0105 j\u016bs\u0173 asmens duomen\u0173, kuriuos turime, fail\u0105, \u012fskaitant visus duomenis, kuriuos mums pateik\u0117te. Taip pat galite papra\u0161yti, kad i\u0161trintume visus j\u016bs\u0173 asmens duomenis, kuriuos turime. Tai neapima duomen\u0173, kuriuos privalome saugoti administraciniais, teisiniais ar saugumo tikslais.  <\/p>\n\n<h2 class=\"wp-block-heading\">Kur siun\u010diami j\u016bs\u0173 duomenys<\/h2>\n\n<p><strong class=\"privacy-policy-tutorial\">Si\u016blomas tekstas:<\/strong> Lankytoj\u0173 komentarus gali tikrinti automatin\u0117 \u0161lam\u0161to aptikimo paslauga.<\/p>\n","protected":false},"excerpt":{"rendered":"<p>Kas mes esame Si\u016blomas tekstas: M\u016bs\u0173 svetain\u0117s adresas yra: http:\/\/baskeuball.eu. Komentarai Si\u016blomas tekstas: Kai lankytojai palieka komentarus svetain\u0117je, mes renkame komentar\u0173 formoje rodomus duomenis, taip pat lankytojo IP adres\u0105 ir nar\u0161ykl\u0117s vartotojo agento eilut\u0119, kad pad\u0117tume aptikti \u0161lam\u0161t\u0105. Anonimin\u0117 eilut\u0117, sukurta i\u0161 j\u016bs\u0173 el. pa\u0161to adreso (dar vadinama mai\u0161os kodu), gali b\u016bti pateikta \u201eGravatar\u201c paslaugai, [&hellip;]<\/p>\n","protected":false},"author":1,"featured_media":0,"parent":0,"menu_order":0,"comment_status":"closed","ping_status":"open","template":"","meta":{"_monsterinsights_skip_tracking":false,"_monsterinsights_sitenote_active":false,"_monsterinsights_sitenote_note":"","_monsterinsights_sitenote_category":0,"_uf_show_specific_survey":0,"_uf_disable_surveys":false,"site-sidebar-layout":"default","site-content-layout":"","ast-site-content-layout":"default","site-content-style":"default","site-sidebar-style":"default","ast-global-header-display":"","ast-banner-title-visibility":"","ast-main-header-display":"","ast-hfb-above-header-display":"","ast-hfb-below-header-display":"","ast-hfb-mobile-header-display":"","site-post-title":"","ast-breadcrumbs-content":"","ast-featured-img":"","footer-sml-layout":"","theme-transparent-header-meta":"","adv-header-id-meta":"","stick-header-meta":"","header-above-stick-meta":"","header-main-stick-meta":"","header-below-stick-meta":"","astra-migrate-meta-layouts":"default","ast-page-background-enabled":"default","ast-page-background-meta":{"desktop":{"background-color":"","background-image":"","background-repeat":"repeat","background-position":"center center","background-size":"auto","background-attachment":"scroll","background-type":"","background-media":"","overlay-type":"","overlay-color":"","overlay-opacity":"","overlay-gradient":""},"tablet":{"background-color":"","background-image":"","background-repeat":"repeat","background-position":"center center","background-size":"auto","background-attachment":"scroll","background-type":"","background-media":"","overlay-type":"","overlay-color":"","overlay-opacity":"","overlay-gradient":""},"mobile":{"background-color":"","background-image":"","background-repeat":"repeat","background-position":"center center","background-size":"auto","background-attachment":"scroll","background-type":"","background-media":"","overlay-type":"","overlay-color":"","overlay-opacity":"","overlay-gradient":""}},"ast-content-background-meta":{"desktop":{"background-color":"var(--ast-global-color-5)","background-image":"","background-repeat":"repeat","background-position":"center center","background-size":"auto","background-attachment":"scroll","background-type":"","background-media":"","overlay-type":"","overlay-color":"","overlay-opacity":"","overlay-gradient":""},"tablet":{"background-color":"var(--ast-global-color-5)","background-image":"","background-repeat":"repeat","background-position":"center center","background-size":"auto","background-attachment":"scroll","background-type":"","background-media":"","overlay-type":"","overlay-color":"","overlay-opacity":"","overlay-gradient":""},"mobile":{"background-color":"var(--ast-global-color-5)","background-image":"","background-repeat":"repeat","background-position":"center center","background-size":"auto","background-attachment":"scroll","background-type":"","background-media":"","overlay-type":"","overlay-color":"","overlay-opacity":"","overlay-gradient":""}},"footnotes":""},"class_list":["post-27106","page","type-page","status-publish","hentry"],"_links":{"self":[{"href":"https:\/\/baskeuball.eu\/lt\/wp-json\/wp\/v2\/pages\/27106","targetHints":{"allow":["GET"]}}],"collection":[{"href":"https:\/\/baskeuball.eu\/lt\/wp-json\/wp\/v2\/pages"}],"about":[{"href":"https:\/\/baskeuball.eu\/lt\/wp-json\/wp\/v2\/types\/page"}],"author":[{"embeddable":true,"href":"https:\/\/baskeuball.eu\/lt\/wp-json\/wp\/v2\/users\/1"}],"replies":[{"embeddable":true,"href":"https:\/\/baskeuball.eu\/lt\/wp-json\/wp\/v2\/comments?post=27106"}],"version-history":[{"count":4,"href":"https:\/\/baskeuball.eu\/lt\/wp-json\/wp\/v2\/pages\/27106\/revisions"}],"predecessor-version":[{"id":27279,"href":"https:\/\/baskeuball.eu\/lt\/wp-json\/wp\/v2\/pages\/27106\/revisions\/27279"}],"wp:attachment":[{"href":"https:\/\/baskeuball.eu\/lt\/wp-json\/wp\/v2\/media?parent=27106"}],"curies":[{"name":"wp","href":"https:\/\/api.w.org\/{rel}","templated":true}]}}