{"id":26704,"date":"2023-09-15T08:26:36","date_gmt":"2023-09-15T06:26:36","guid":{"rendered":"https:\/\/baskeuball.eu\/konsorciumas"},"modified":"2025-10-13T10:04:38","modified_gmt":"2025-10-13T08:04:38","slug":"konsorciumas","status":"publish","type":"page","link":"https:\/\/baskeuball.eu\/lt\/konsorciumas","title":{"rendered":"Konsorciumas"},"content":{"rendered":"\t\t<div data-elementor-type=\"wp-page\" data-elementor-id=\"26704\" class=\"elementor elementor-26704 elementor-25529\">\n\t\t\t\t\t\t<section class=\"elementor-section elementor-top-section elementor-element elementor-element-66k7q6t elementor-section-content-middle elementor-section-boxed elementor-section-height-default elementor-section-height-default\" data-id=\"66k7q6t\" data-element_type=\"section\" data-settings=\"{&quot;background_background&quot;:&quot;classic&quot;}\">\n\t\t\t\t\t\t\t<div class=\"elementor-background-overlay\"><\/div>\n\t\t\t\t\t\t\t<div class=\"elementor-container elementor-column-gap-no\">\n\t\t\t\t\t<div class=\"elementor-column elementor-col-100 elementor-top-column elementor-element elementor-element-3dffa3a\" data-id=\"3dffa3a\" data-element_type=\"column\">\n\t\t\t<div class=\"elementor-widget-wrap elementor-element-populated\">\n\t\t\t\t\t\t<div class=\"elementor-element elementor-element-f945cab elementor-widget elementor-widget-heading\" data-id=\"f945cab\" data-element_type=\"widget\" data-widget_type=\"heading.default\">\n\t\t\t\t<div class=\"elementor-widget-container\">\n\t\t\t\t\t<h1 class=\"elementor-heading-title elementor-size-default\">Konsorciumas<\/h1>\t\t\t\t<\/div>\n\t\t\t\t<\/div>\n\t\t\t\t\t<\/div>\n\t\t<\/div>\n\t\t\t\t\t<\/div>\n\t\t<\/section>\n\t\t\t\t<section class=\"elementor-section elementor-top-section elementor-element elementor-element-2c7f764 elementor-section-boxed elementor-section-height-default elementor-section-height-default\" data-id=\"2c7f764\" data-element_type=\"section\">\n\t\t\t\t\t\t<div class=\"elementor-container elementor-column-gap-default\">\n\t\t\t\t\t<div class=\"elementor-column elementor-col-33 elementor-top-column elementor-element elementor-element-a042098\" data-id=\"a042098\" data-element_type=\"column\" data-settings=\"{&quot;background_background&quot;:&quot;classic&quot;}\">\n\t\t\t<div class=\"elementor-widget-wrap elementor-element-populated\">\n\t\t\t\t\t\t<div class=\"elementor-element elementor-element-8ece69a elementor-widget elementor-widget-text-editor\" data-id=\"8ece69a\" data-element_type=\"widget\" data-widget_type=\"text-editor.default\">\n\t\t\t\t<div class=\"elementor-widget-container\">\n\t\t\t\t\t\t\t\t\t<p><a href=\"https:\/\/www.udg.edu\/ca\/\">\n  <span style=\"font-weight: 400;\">\u017dironos universitetas<\/span>\n<\/a> <span style=\"font-weight: 400;\">(<\/span> <span style=\"font-weight: 400;\">UdG) yra valstybin\u0117 auk\u0161tojo mokslo \u012fstaiga, skirta akademinei meistri\u0161kumui, siekianti prisid\u0117ti prie visuomen\u0117s pa\u017eangos kurdama, perduodama, skleisdama ir per\u017ei\u016br\u0117dama \u017einias.<\/span> <a href=\"https:\/\/udigital.udg.edu\/\">\n  <span style=\"font-weight: 400;\">UdiGitalEdu<\/span>\n<\/a> <span style=\"font-weight: 400;\">(<\/span> <a href=\"https:\/\/vicorob.udg.edu\/\">\n  <span style=\"font-weight: 400;\">VICOROB institutas)<\/span>\n<\/a><span style=\"font-weight: 400;\">) yra viena i\u0161 jos tyrim\u0173 grupi\u0173 ir pl\u0117toja projektus \u0161vietimo, technologij\u0173 ir tarptautin\u0117s pl\u0117tros srityse, taikydama daugiadisciplin\u012f po\u017ei\u016br\u012f. Grup\u0117 ypa\u010d daug d\u0117mesio skiria naujai atvykusiems migrant\u0173 vaikams ir nepakankamai apr\u016bpintoms bendruomen\u0117ms.   <\/span><\/p>\t\t\t\t\t\t\t\t<\/div>\n\t\t\t\t<\/div>\n\t\t\t\t<div class=\"elementor-element elementor-element-94b3991 elementor-widget elementor-widget-video\" data-id=\"94b3991\" data-element_type=\"widget\" data-settings=\"{&quot;youtube_url&quot;:&quot;https:\\\/\\\/www.youtube.com\\\/watch?v=33Q7sK-MX2E&quot;,&quot;video_type&quot;:&quot;youtube&quot;,&quot;controls&quot;:&quot;yes&quot;}\" data-widget_type=\"video.default\">\n\t\t\t\t<div class=\"elementor-widget-container\">\n\t\t\t\t\t\t\t<div class=\"elementor-wrapper elementor-open-inline\">\n\t\t\t<div class=\"elementor-video\"><\/div>\t\t<\/div>\n\t\t\t\t\t\t<\/div>\n\t\t\t\t<\/div>\n\t\t\t\t\t<\/div>\n\t\t<\/div>\n\t\t\t\t<div class=\"elementor-column elementor-col-33 elementor-top-column elementor-element elementor-element-6de03d2\" data-id=\"6de03d2\" data-element_type=\"column\" data-settings=\"{&quot;background_background&quot;:&quot;classic&quot;}\">\n\t\t\t<div class=\"elementor-widget-wrap elementor-element-populated\">\n\t\t\t\t\t\t<div class=\"elementor-element elementor-element-78ff637 elementor-widget elementor-widget-text-editor\" data-id=\"78ff637\" data-element_type=\"widget\" data-widget_type=\"text-editor.default\">\n\t\t\t\t<div class=\"elementor-widget-container\">\n\t\t\t\t\t\t\t\t\t<p><span style=\"color: #000000;\">\n  <a style=\"color: #000000;\" href=\"https:\/\/agora.xtec.cat\/ceip-lafarga-salt\/\" target=\"_blank\" rel=\"noopener\">La Farga<\/a>\n<\/span> mokykla yra valstybin\u0117 mokykla, kurioje mokosi 3\u201312 met\u0173 vaikai, joje mokosi apie 380 mokini\u0173, nors tiksl\u0173 skai\u010di\u0173 sunku pasakyti, nes mokslo met\u0173 eigoje \u012f mokykl\u0105 ateina daug nauj\u0173 mokini\u0173. Dar\u017eelyje yra 6 grup\u0117s, o pradin\u0117je mokykloje \u2013 12. Ji yra Salto miesto centre, kur susitelk\u0119 dauguma naujai atvykusi\u0173 gyventoj\u0173.  <\/p><p>Katalonijos vyriausyb\u0117s \u0160vietimo departamentas La Fargos mokykl\u0105 \u012fvardija kaip sud\u0117tingiausi\u0105. Taip yra tod\u0117l, kad 100 % m\u016bs\u0173 mokini\u0173 \u0161eim\u0173 yra u\u017esienie\u010diai (vidurkis Katalonijos mokyklose yra 37,62 %). Turime \u0161eim\u0173 i\u0161 17 skirting\u0173 \u0161ali\u0173.    <\/p>\t\t\t\t\t\t\t\t<\/div>\n\t\t\t\t<\/div>\n\t\t\t\t<div class=\"elementor-element elementor-element-4aee4dc elementor-widget elementor-widget-video\" data-id=\"4aee4dc\" data-element_type=\"widget\" data-settings=\"{&quot;youtube_url&quot;:&quot;https:\\\/\\\/youtu.be\\\/GH5ZlkFPerc&quot;,&quot;video_type&quot;:&quot;youtube&quot;,&quot;controls&quot;:&quot;yes&quot;}\" data-widget_type=\"video.default\">\n\t\t\t\t<div class=\"elementor-widget-container\">\n\t\t\t\t\t\t\t<div class=\"elementor-wrapper elementor-open-inline\">\n\t\t\t<div class=\"elementor-video\"><\/div>\t\t<\/div>\n\t\t\t\t\t\t<\/div>\n\t\t\t\t<\/div>\n\t\t\t\t\t<\/div>\n\t\t<\/div>\n\t\t\t\t<div class=\"elementor-column elementor-col-33 elementor-top-column elementor-element elementor-element-251bd80\" data-id=\"251bd80\" data-element_type=\"column\">\n\t\t\t<div class=\"elementor-widget-wrap elementor-element-populated\">\n\t\t\t\t\t\t<div class=\"elementor-element elementor-element-5e57473 elementor-widget elementor-widget-text-editor\" data-id=\"5e57473\" data-element_type=\"widget\" data-widget_type=\"text-editor.default\">\n\t\t\t\t<div class=\"elementor-widget-container\">\n\t\t\t\t\t\t\t\t\t<p><span style=\"color: #000000;\">\u201eCB Salt\u201c<\/span> buvo \u012fkurta 1972 m. rugs\u0117j\u012f ir yra ne pelno siekianti organizacija, \u012fsik\u016brusi Salto savivaldyb\u0117je (\u017dirona), o m\u016bs\u0173 b\u016bstin\u0117 yra savivaldyb\u0117s sporto paviljone. \u0160iais metais \u0161v\u0119sime 50-met\u012f.<br> Klub\u0105 sudaro 22 \u017eaid\u0117j\u0173 ir \u017eaid\u0117j\u0173 komandos, kuriose \u017eaid\u017eia daugiau nei 220 \u017emoni\u0173 nuo 5 iki 18 met\u0173 am\u017eiaus. Kiekvien\u0105 komand\u0105 taip pat sudaro du treneriai su savo<br> oficiali Katalonijos krep\u0161inio federacijos (FCBQ) i\u0161duota kvalifikacija, tod\u0117l klubas turi daugiau nei 40 treneri\u0173 ir vadov\u0173.  <\/p>\t\t\t\t\t\t\t\t<\/div>\n\t\t\t\t<\/div>\n\t\t\t\t<div class=\"elementor-element elementor-element-0e3d90d elementor-widget elementor-widget-image\" data-id=\"0e3d90d\" data-element_type=\"widget\" data-widget_type=\"image.default\">\n\t\t\t\t<div class=\"elementor-widget-container\">\n\t\t\t\t\t\t\t\t\t\t\t\t\t\t\t<img fetchpriority=\"high\" decoding=\"async\" width=\"1024\" height=\"710\" src=\"https:\/\/baskeuball.eu\/wp-content\/uploads\/2024\/02\/Captura-de-pantalla-2024-02-22-a-les-14.40.01-1024x710.png\" class=\"attachment-large size-large wp-image-26705\" alt=\"\" srcset=\"https:\/\/baskeuball.eu\/wp-content\/uploads\/2024\/02\/Captura-de-pantalla-2024-02-22-a-les-14.40.01-1024x710.png 1024w, https:\/\/baskeuball.eu\/wp-content\/uploads\/2024\/02\/Captura-de-pantalla-2024-02-22-a-les-14.40.01-300x208.png 300w, https:\/\/baskeuball.eu\/wp-content\/uploads\/2024\/02\/Captura-de-pantalla-2024-02-22-a-les-14.40.01-768x533.png 768w, https:\/\/baskeuball.eu\/wp-content\/uploads\/2024\/02\/Captura-de-pantalla-2024-02-22-a-les-14.40.01-1536x1066.png 1536w, https:\/\/baskeuball.eu\/wp-content\/uploads\/2024\/02\/Captura-de-pantalla-2024-02-22-a-les-14.40.01-2048x1421.png 2048w\" sizes=\"(max-width: 1024px) 100vw, 1024px\" \/>\t\t\t\t\t\t\t\t\t\t\t\t\t\t\t<\/div>\n\t\t\t\t<\/div>\n\t\t\t\t\t<\/div>\n\t\t<\/div>\n\t\t\t\t\t<\/div>\n\t\t<\/section>\n\t\t\t\t<section class=\"elementor-section elementor-top-section elementor-element elementor-element-356a6ef elementor-section-boxed elementor-section-height-default elementor-section-height-default\" data-id=\"356a6ef\" data-element_type=\"section\" data-settings=\"{&quot;background_background&quot;:&quot;classic&quot;}\">\n\t\t\t\t\t\t<div class=\"elementor-container elementor-column-gap-default\">\n\t\t\t\t\t<div class=\"elementor-column elementor-col-100 elementor-top-column elementor-element elementor-element-93d3659\" data-id=\"93d3659\" data-element_type=\"column\">\n\t\t\t<div class=\"elementor-widget-wrap elementor-element-populated\">\n\t\t\t\t\t\t<div class=\"elementor-element elementor-element-c9a399c elementor-widget elementor-widget-spacer\" data-id=\"c9a399c\" data-element_type=\"widget\" data-widget_type=\"spacer.default\">\n\t\t\t\t<div class=\"elementor-widget-container\">\n\t\t\t\t\t\t\t<div class=\"elementor-spacer\">\n\t\t\t<div class=\"elementor-spacer-inner\"><\/div>\n\t\t<\/div>\n\t\t\t\t\t\t<\/div>\n\t\t\t\t<\/div>\n\t\t\t\t\t<\/div>\n\t\t<\/div>\n\t\t\t\t\t<\/div>\n\t\t<\/section>\n\t\t\t\t<section class=\"elementor-section elementor-top-section elementor-element elementor-element-73e9b20 elementor-section-boxed elementor-section-height-default elementor-section-height-default\" data-id=\"73e9b20\" data-element_type=\"section\">\n\t\t\t\t\t\t<div class=\"elementor-container elementor-column-gap-default\">\n\t\t\t\t\t<div class=\"elementor-column elementor-col-33 elementor-top-column elementor-element elementor-element-02111dd\" data-id=\"02111dd\" data-element_type=\"column\" data-settings=\"{&quot;background_background&quot;:&quot;classic&quot;}\">\n\t\t\t<div class=\"elementor-widget-wrap elementor-element-populated\">\n\t\t\t\t\t\t<div class=\"elementor-element elementor-element-ea95433 elementor-widget elementor-widget-text-editor\" data-id=\"ea95433\" data-element_type=\"widget\" data-widget_type=\"text-editor.default\">\n\t\t\t\t<div class=\"elementor-widget-container\">\n\t\t\t\t\t\t\t\t\t<p><a href=\"_wp_link_placeholder\" data-wplink-edit=\"true\">Lietuvos sporto universitetas<\/a> (LSU), \u012fkurtas 1934 m., yra specializuota valstybin\u0117 auk\u0161tojo mokslo \u012fstaiga, i\u0161pl\u0117tojusi unikalias sporto, laisvalaikio ir sveikatos moksl\u0173 tradicijas. LSU, kurio misija \u2013 prisid\u0117ti prie darnaus visuomen\u0117s vystymosi vykdant tarptautinio lygio mokslinius tyrimus ir u\u017etikrinant akademin\u0119 kompetencij\u0105, yra \u017einomas kaip pirmaujantis sporto mokslo akademinis ir tyrim\u0173 centras Baltijos j\u016bros regione. <\/p><p>LSU si\u016blo studij\u0173 programas visuose trijuose studij\u0173 cikluose, daugiausia sporto moksl\u0173 srityje, kur studijos, moksliniai tyrimai ir praktika yra&#8230;<br> glaud\u017eiai tarpusavyje susij\u0119.<\/p>\t\t\t\t\t\t\t\t<\/div>\n\t\t\t\t<\/div>\n\t\t\t\t<div class=\"elementor-element elementor-element-aeada48 elementor-widget elementor-widget-video\" data-id=\"aeada48\" data-element_type=\"widget\" data-settings=\"{&quot;youtube_url&quot;:&quot;https:\\\/\\\/www.youtube.com\\\/watch?v=0kbd18avLQY&quot;,&quot;video_type&quot;:&quot;youtube&quot;,&quot;controls&quot;:&quot;yes&quot;}\" data-widget_type=\"video.default\">\n\t\t\t\t<div class=\"elementor-widget-container\">\n\t\t\t\t\t\t\t<div class=\"elementor-wrapper elementor-open-inline\">\n\t\t\t<div class=\"elementor-video\"><\/div>\t\t<\/div>\n\t\t\t\t\t\t<\/div>\n\t\t\t\t<\/div>\n\t\t\t\t\t<\/div>\n\t\t<\/div>\n\t\t\t\t<div class=\"elementor-column elementor-col-33 elementor-top-column elementor-element elementor-element-6242084\" data-id=\"6242084\" data-element_type=\"column\" data-settings=\"{&quot;background_background&quot;:&quot;classic&quot;}\">\n\t\t\t<div class=\"elementor-widget-wrap elementor-element-populated\">\n\t\t\t\t\t\t<div class=\"elementor-element elementor-element-0ceb638 elementor-widget elementor-widget-text-editor\" data-id=\"0ceb638\" data-element_type=\"widget\" data-widget_type=\"text-editor.default\">\n\t\t\t\t<div class=\"elementor-widget-container\">\n\t\t\t\t\t\t\t\t\t<p><span style=\"color: #000000;\">Kauno \u0160v. Kazimiero<\/span> progimnazija \u2013 mokykla, \u012fsik\u016brusi Kauno pakra\u0161tyje, kurioje mokosi 6\u201314 met\u0173 mokiniai.<br> M\u016bs\u0173 mokykla teikia ikimokyklin\u012f, pradin\u012f ir pagrindin\u012f ugdym\u0105. M\u016bs\u0173 mokiniai turi visas savirai\u0161kos galimybes ir siekiame, kad jie b\u016bt\u0173 atviri, smals\u016bs, k\u016brybingi ir tapt\u0173 \u017emon\u0117mis, kurie domisi ne tik savo \u0161alimi, bet ir jau\u010diasi Europos bendruomen\u0117s pilie\u010diais. M\u016bs\u0173 mokyklos vertyb\u0117s: demokratija, atsakomyb\u0117, pagarba, tolerancija, empatija, k\u016brybi\u0161kumas, aktyvus pilieti\u0161kumas, poreikis tobul\u0117ti, mokyklos bendruomen\u0117s bendradarbiavimas prasmingam darbui.  <\/p>\t\t\t\t\t\t\t\t<\/div>\n\t\t\t\t<\/div>\n\t\t\t\t\t<\/div>\n\t\t<\/div>\n\t\t\t\t<div class=\"elementor-column elementor-col-33 elementor-top-column elementor-element elementor-element-0794d81\" data-id=\"0794d81\" data-element_type=\"column\">\n\t\t\t<div class=\"elementor-widget-wrap elementor-element-populated\">\n\t\t\t\t\t\t<div class=\"elementor-element elementor-element-ad78775 elementor-widget elementor-widget-text-editor\" data-id=\"ad78775\" data-element_type=\"widget\" data-widget_type=\"text-editor.default\">\n\t\t\t\t<div class=\"elementor-widget-container\">\n\t\t\t\t\t\t\t\t\t<p><a href=\"https:\/\/kasnaiperis.lt\/\" target=\"_blank\" rel=\"noopener\">BA SNAIPERIS<\/a> \u012fkurta 2004 m. rugpj\u016b\u010dio 19 d. AKADEMIJA vienija apie 1000 \u012fvairaus am\u017eiaus berniuk\u0173 ir mergai\u010di\u0173: 500 dar\u017eelinuk\u0173 (4\u20136 met\u0173) ir 500 moksleivi\u0173 (7\u201318 met\u0173). Krep\u0161inio treniruotes organizuoja 20 krep\u0161inio treneri\u0173. Bendradarbiaujame su daugiau nei 40 dar\u017eeli\u0173, pradini\u0173 mokykl\u0173, pagrindini\u0173 mokykl\u0173 ir gimnazij\u0173 Kauno mieste ir rajone, kuri\u0173 vaikai renkasi sportuoti ir tobul\u0117ti kartu su m\u016bs\u0173 akademija.   <\/p>\t\t\t\t\t\t\t\t<\/div>\n\t\t\t\t<\/div>\n\t\t\t\t<div class=\"elementor-element elementor-element-a4c1e21 elementor-widget elementor-widget-video\" data-id=\"a4c1e21\" data-element_type=\"widget\" data-settings=\"{&quot;youtube_url&quot;:&quot;https:\\\/\\\/www.youtube.com\\\/watch?v=E6ytboa9av0&quot;,&quot;video_type&quot;:&quot;youtube&quot;,&quot;controls&quot;:&quot;yes&quot;}\" data-widget_type=\"video.default\">\n\t\t\t\t<div class=\"elementor-widget-container\">\n\t\t\t\t\t\t\t<div class=\"elementor-wrapper elementor-open-inline\">\n\t\t\t<div class=\"elementor-video\"><\/div>\t\t<\/div>\n\t\t\t\t\t\t<\/div>\n\t\t\t\t<\/div>\n\t\t\t\t\t<\/div>\n\t\t<\/div>\n\t\t\t\t\t<\/div>\n\t\t<\/section>\n\t\t\t\t<section class=\"elementor-section elementor-top-section elementor-element elementor-element-91b54fb elementor-section-boxed elementor-section-height-default elementor-section-height-default\" data-id=\"91b54fb\" data-element_type=\"section\" data-settings=\"{&quot;background_background&quot;:&quot;classic&quot;}\">\n\t\t\t\t\t\t<div class=\"elementor-container elementor-column-gap-default\">\n\t\t\t\t\t<div class=\"elementor-column elementor-col-100 elementor-top-column elementor-element elementor-element-6ed488f\" data-id=\"6ed488f\" data-element_type=\"column\">\n\t\t\t<div class=\"elementor-widget-wrap elementor-element-populated\">\n\t\t\t\t\t\t<div class=\"elementor-element elementor-element-2e932da elementor-widget elementor-widget-spacer\" data-id=\"2e932da\" data-element_type=\"widget\" data-widget_type=\"spacer.default\">\n\t\t\t\t<div class=\"elementor-widget-container\">\n\t\t\t\t\t\t\t<div class=\"elementor-spacer\">\n\t\t\t<div class=\"elementor-spacer-inner\"><\/div>\n\t\t<\/div>\n\t\t\t\t\t\t<\/div>\n\t\t\t\t<\/div>\n\t\t\t\t\t<\/div>\n\t\t<\/div>\n\t\t\t\t\t<\/div>\n\t\t<\/section>\n\t\t\t\t<section class=\"elementor-section elementor-top-section elementor-element elementor-element-8a57808 elementor-section-boxed elementor-section-height-default elementor-section-height-default\" data-id=\"8a57808\" data-element_type=\"section\">\n\t\t\t\t\t\t<div class=\"elementor-container elementor-column-gap-default\">\n\t\t\t\t\t<div class=\"elementor-column elementor-col-33 elementor-top-column elementor-element elementor-element-69e3874\" data-id=\"69e3874\" data-element_type=\"column\" data-settings=\"{&quot;background_background&quot;:&quot;classic&quot;}\">\n\t\t\t<div class=\"elementor-widget-wrap elementor-element-populated\">\n\t\t\t\t\t\t<div class=\"elementor-element elementor-element-aac36e9 elementor-widget elementor-widget-text-editor\" data-id=\"aac36e9\" data-element_type=\"widget\" data-widget_type=\"text-editor.default\">\n\t\t\t\t<div class=\"elementor-widget-container\">\n\t\t\t\t\t\t\t\t\t<p><a href=\"https:\/\/action.gr\/\" target=\"_blank\" rel=\"noopener\">\u201eAction Synergy SA\u201c<\/a> yra \u0161vietimo, mokymo ir \u017einiomis gr\u012fst\u0173 taikym\u0173 organizacija, aktyviai dalyvaujanti \u0161vietimo technologij\u0173, mokymo metodik\u0173 ir e. mokymosi kurs\u0173 k\u016brime.<\/p><p><br>\u201eAction Synergy SA\u201c turi ilgamet\u0119 patirt\u012f Europos projekt\u0173 valdymo ir koordinavimo srityje. Nuo pat \u012fk\u016brimo 1986 m. organizacija dalyvavo daugelyje ES \u0161vietimo projekt\u0173, toki\u0173 kaip COMETT, PETRA, SOCRATES, LEONARDO DA VINCI, ADAPT, TEMPUS, PHARE, nuotolinis mokymasis, LLP, ERASMUS+. <\/p>\t\t\t\t\t\t\t\t<\/div>\n\t\t\t\t<\/div>\n\t\t\t\t\t<\/div>\n\t\t<\/div>\n\t\t\t\t<div class=\"elementor-column elementor-col-33 elementor-top-column elementor-element elementor-element-b58b340\" data-id=\"b58b340\" data-element_type=\"column\" data-settings=\"{&quot;background_background&quot;:&quot;classic&quot;}\">\n\t\t\t<div class=\"elementor-widget-wrap elementor-element-populated\">\n\t\t\t\t\t\t<div class=\"elementor-element elementor-element-073a875 elementor-widget elementor-widget-text-editor\" data-id=\"073a875\" data-element_type=\"widget\" data-widget_type=\"text-editor.default\">\n\t\t\t\t<div class=\"elementor-widget-container\">\n\t\t\t\t\t\t\t\t\t<p><span style=\"color: #000000;\">2-oji Nea Peramos Attikio pradin\u0117 mokykla<\/span> yra viena i\u0161 trij\u0173 pradinio ugdymo \u012fstaig\u0173 \u0160iaur\u0117s Peramos Attikio mieste. M\u016bs\u0173 mokykla veikia pagal atnaujint\u0105 viening\u0105 ugdymo program\u0105 ir dirba nuo 8.00 iki 16.00 val. Joje mokosi 300 mokini\u0173, i\u0161 kuri\u0173 9 % yra i\u0161 u\u017esienio \u0161ali\u0173 ir 8 % \u2013 rom\u0173 vaikai.  <\/p><p>Mokyklos personalas yra labai suinteresuotas kurti patraukli\u0105 mokymosi patirt\u012f visiems mokiniams, nes \u012ftraukusis ugdymas yra lygiateis\u0117s visuomen\u0117s pagrindas.<\/p>\t\t\t\t\t\t\t\t<\/div>\n\t\t\t\t<\/div>\n\t\t\t\t\t<\/div>\n\t\t<\/div>\n\t\t\t\t<div class=\"elementor-column elementor-col-33 elementor-top-column elementor-element elementor-element-2e6c012\" data-id=\"2e6c012\" data-element_type=\"column\">\n\t\t\t<div class=\"elementor-widget-wrap elementor-element-populated\">\n\t\t\t\t\t\t<div class=\"elementor-element elementor-element-6b5681f elementor-widget elementor-widget-text-editor\" data-id=\"6b5681f\" data-element_type=\"widget\" data-widget_type=\"text-editor.default\">\n\t\t\t\t<div class=\"elementor-widget-container\">\n\t\t\t\t\t\t\t\t\t<p>Pagrindin\u0117 <span style=\"color: #000000;\">\u201eEnosi Neas Peramou &#8211; Megaron\u201c<\/span> veikla \u2013 treniruoti krep\u0161inio sporte berniukus ir mergaites nuo 5 met\u0173 am\u017eiaus.<\/p><p> <\/p>\t\t\t\t\t\t\t\t<\/div>\n\t\t\t\t<\/div>\n\t\t\t\t<div class=\"elementor-element elementor-element-be34bd1 elementor-widget elementor-widget-image\" data-id=\"be34bd1\" data-element_type=\"widget\" data-widget_type=\"image.default\">\n\t\t\t\t<div class=\"elementor-widget-container\">\n\t\t\t\t\t\t\t\t\t\t\t\t\t\t\t<img decoding=\"async\" width=\"960\" height=\"540\" src=\"https:\/\/baskeuball.eu\/wp-content\/uploads\/2024\/02\/347396432_770643161528748_5693166946512125413_n.jpg\" class=\"attachment-large size-large wp-image-26706\" alt=\"\" srcset=\"https:\/\/baskeuball.eu\/wp-content\/uploads\/2024\/02\/347396432_770643161528748_5693166946512125413_n.jpg 960w, https:\/\/baskeuball.eu\/wp-content\/uploads\/2024\/02\/347396432_770643161528748_5693166946512125413_n-300x169.jpg 300w, https:\/\/baskeuball.eu\/wp-content\/uploads\/2024\/02\/347396432_770643161528748_5693166946512125413_n-768x432.jpg 768w\" sizes=\"(max-width: 960px) 100vw, 960px\" \/>\t\t\t\t\t\t\t\t\t\t\t\t\t\t\t<\/div>\n\t\t\t\t<\/div>\n\t\t\t\t\t<\/div>\n\t\t<\/div>\n\t\t\t\t\t<\/div>\n\t\t<\/section>\n\t\t\t\t<\/div>\n\t\t","protected":false},"excerpt":{"rendered":"<p>Konsorciumas \u017dironos universitetas ( UdG) yra valstybin\u0117 auk\u0161tojo mokslo \u012fstaiga, skirta akademinei meistri\u0161kumui, siekianti prisid\u0117ti prie visuomen\u0117s pa\u017eangos kurdama, perduodama, skleisdama ir per\u017ei\u016br\u0117dama \u017einias. UdiGitalEdu ( VICOROB institutas) ) yra viena i\u0161 jos tyrim\u0173 grupi\u0173 ir pl\u0117toja projektus \u0161vietimo, technologij\u0173 ir tarptautin\u0117s pl\u0117tros srityse, taikydama daugiadisciplin\u012f po\u017ei\u016br\u012f. Grup\u0117 ypa\u010d daug d\u0117mesio skiria naujai atvykusiems migrant\u0173 [&hellip;]<\/p>\n","protected":false},"author":1,"featured_media":0,"parent":0,"menu_order":0,"comment_status":"closed","ping_status":"closed","template":"","meta":{"_monsterinsights_skip_tracking":false,"_monsterinsights_sitenote_active":false,"_monsterinsights_sitenote_note":"","_monsterinsights_sitenote_category":0,"_uf_show_specific_survey":0,"_uf_disable_surveys":false,"site-sidebar-layout":"no-sidebar","site-content-layout":"page-builder","ast-site-content-layout":"full-width-container","site-content-style":"default","site-sidebar-style":"default","ast-global-header-display":"","ast-banner-title-visibility":"","ast-main-header-display":"","ast-hfb-above-header-display":"","ast-hfb-below-header-display":"","ast-hfb-mobile-header-display":"","site-post-title":"disabled","ast-breadcrumbs-content":"","ast-featured-img":"disabled","footer-sml-layout":"","theme-transparent-header-meta":"","adv-header-id-meta":"","stick-header-meta":"","header-above-stick-meta":"","header-main-stick-meta":"","header-below-stick-meta":"","astra-migrate-meta-layouts":"default","ast-page-background-enabled":"default","ast-page-background-meta":{"desktop":{"background-color":"","background-image":"","background-repeat":"repeat","background-position":"center center","background-size":"auto","background-attachment":"scroll","background-type":"","background-media":"","overlay-type":"","overlay-color":"","overlay-opacity":"","overlay-gradient":""},"tablet":{"background-color":"","background-image":"","background-repeat":"repeat","background-position":"center center","background-size":"auto","background-attachment":"scroll","background-type":"","background-media":"","overlay-type":"","overlay-color":"","overlay-opacity":"","overlay-gradient":""},"mobile":{"background-color":"","background-image":"","background-repeat":"repeat","background-position":"center center","background-size":"auto","background-attachment":"scroll","background-type":"","background-media":"","overlay-type":"","overlay-color":"","overlay-opacity":"","overlay-gradient":""}},"ast-content-background-meta":{"desktop":{"background-color":"var(--ast-global-color-5)","background-image":"","background-repeat":"repeat","background-position":"center center","background-size":"auto","background-attachment":"scroll","background-type":"","background-media":"","overlay-type":"","overlay-color":"","overlay-opacity":"","overlay-gradient":""},"tablet":{"background-color":"var(--ast-global-color-5)","background-image":"","background-repeat":"repeat","background-position":"center center","background-size":"auto","background-attachment":"scroll","background-type":"","background-media":"","overlay-type":"","overlay-color":"","overlay-opacity":"","overlay-gradient":""},"mobile":{"background-color":"var(--ast-global-color-5)","background-image":"","background-repeat":"repeat","background-position":"center center","background-size":"auto","background-attachment":"scroll","background-type":"","background-media":"","overlay-type":"","overlay-color":"","overlay-opacity":"","overlay-gradient":""}},"footnotes":""},"class_list":["post-26704","page","type-page","status-publish","hentry"],"_links":{"self":[{"href":"https:\/\/baskeuball.eu\/lt\/wp-json\/wp\/v2\/pages\/26704","targetHints":{"allow":["GET"]}}],"collection":[{"href":"https:\/\/baskeuball.eu\/lt\/wp-json\/wp\/v2\/pages"}],"about":[{"href":"https:\/\/baskeuball.eu\/lt\/wp-json\/wp\/v2\/types\/page"}],"author":[{"embeddable":true,"href":"https:\/\/baskeuball.eu\/lt\/wp-json\/wp\/v2\/users\/1"}],"replies":[{"embeddable":true,"href":"https:\/\/baskeuball.eu\/lt\/wp-json\/wp\/v2\/comments?post=26704"}],"version-history":[{"count":2,"href":"https:\/\/baskeuball.eu\/lt\/wp-json\/wp\/v2\/pages\/26704\/revisions"}],"predecessor-version":[{"id":26751,"href":"https:\/\/baskeuball.eu\/lt\/wp-json\/wp\/v2\/pages\/26704\/revisions\/26751"}],"wp:attachment":[{"href":"https:\/\/baskeuball.eu\/lt\/wp-json\/wp\/v2\/media?parent=26704"}],"curies":[{"name":"wp","href":"https:\/\/api.w.org\/{rel}","templated":true}]}}