{"id":27095,"date":"2023-09-14T12:31:29","date_gmt":"2023-09-14T10:31:29","guid":{"rendered":"https:\/\/baskeuball.eu\/saber-como"},"modified":"2025-10-13T11:39:20","modified_gmt":"2025-10-13T09:39:20","slug":"saber-como","status":"publish","type":"page","link":"https:\/\/baskeuball.eu\/es\/saber-como","title":{"rendered":"Saber c\u00f3mo"},"content":{"rendered":"\t\t<div data-elementor-type=\"wp-page\" data-elementor-id=\"27095\" class=\"elementor elementor-27095 elementor-25490\">\n\t\t\t\t\t\t<section class=\"elementor-section elementor-top-section elementor-element elementor-element-13333457 elementor-section-content-middle elementor-section-boxed elementor-section-height-default elementor-section-height-default\" data-id=\"13333457\" data-element_type=\"section\" data-settings=\"{&quot;background_background&quot;:&quot;classic&quot;}\">\n\t\t\t\t\t\t\t<div class=\"elementor-background-overlay\"><\/div>\n\t\t\t\t\t\t\t<div class=\"elementor-container elementor-column-gap-no\">\n\t\t\t\t\t<div class=\"elementor-column elementor-col-100 elementor-top-column elementor-element elementor-element-48c41c03\" data-id=\"48c41c03\" data-element_type=\"column\">\n\t\t\t<div class=\"elementor-widget-wrap elementor-element-populated\">\n\t\t\t\t\t\t<div class=\"elementor-element elementor-element-71744e67 elementor-widget elementor-widget-heading\" data-id=\"71744e67\" data-element_type=\"widget\" data-widget_type=\"heading.default\">\n\t\t\t\t<div class=\"elementor-widget-container\">\n\t\t\t\t\t<h1 class=\"elementor-heading-title elementor-size-default\">Saber c\u00f3mo<\/h1>\t\t\t\t<\/div>\n\t\t\t\t<\/div>\n\t\t\t\t\t<\/div>\n\t\t<\/div>\n\t\t\t\t\t<\/div>\n\t\t<\/section>\n\t\t\t\t<section class=\"elementor-section elementor-top-section elementor-element elementor-element-78bd0858 elementor-section-boxed elementor-section-height-default elementor-section-height-default\" data-id=\"78bd0858\" data-element_type=\"section\">\n\t\t\t\t\t\t\t<div class=\"elementor-background-overlay\"><\/div>\n\t\t\t\t\t\t\t<div class=\"elementor-container elementor-column-gap-no\">\n\t\t\t\t\t<div class=\"elementor-column elementor-col-100 elementor-top-column elementor-element elementor-element-65a4db4d\" data-id=\"65a4db4d\" data-element_type=\"column\" data-settings=\"{&quot;background_background&quot;:&quot;classic&quot;}\">\n\t\t\t<div class=\"elementor-widget-wrap elementor-element-populated\">\n\t\t\t\t\t\t<div class=\"elementor-element elementor-element-651f878c elementor-widget elementor-widget-text-editor\" data-id=\"651f878c\" data-element_type=\"widget\" data-widget_type=\"text-editor.default\">\n\t\t\t\t<div class=\"elementor-widget-container\">\n\t\t\t\t\t\t\t\t\t<p><span style=\"font-weight: 400;\">El Informe de Replicaci\u00f3n de Conocimientos ser\u00e1 un documento que explicar\u00e1 c\u00f3mo este proyecto podr\u00eda replicarse en otros lugares con recomendaciones de herramientas, descripciones de entornos y m\u00e9todos, y un mensaje claro de su objetivo: crear oportunidades para una educaci\u00f3n inclusiva y global.<\/span><\/p>\t\t\t\t\t\t\t\t<\/div>\n\t\t\t\t<\/div>\n\t\t\t\t<div class=\"elementor-element elementor-element-8d64266 elementor-widget elementor-widget-text-editor\" data-id=\"8d64266\" data-element_type=\"widget\" data-widget_type=\"text-editor.default\">\n\t\t\t\t<div class=\"elementor-widget-container\">\n\t\t\t\t\t\t\t\t\t<p>No solo recibir\u00e1s consejos sobre c\u00f3mo promover la inclusi\u00f3n de los ni\u00f1os en los equipos de baloncesto, sino que tambi\u00e9n descubrir\u00e1s ideas para realizar proyectos transversales, como pintar la cancha de baloncesto del colegio aplicando conocimientos de matem\u00e1ticas y arte, o dise\u00f1ar juegos originales.<\/p>\t\t\t\t\t\t\t\t<\/div>\n\t\t\t\t<\/div>\n\t\t\t\t\t<\/div>\n\t\t<\/div>\n\t\t\t\t\t<\/div>\n\t\t<\/section>\n\t\t\t\t<section class=\"elementor-section elementor-top-section elementor-element elementor-element-d7fdf7e elementor-section-full_width elementor-section-height-default elementor-section-height-default\" data-id=\"d7fdf7e\" data-element_type=\"section\">\n\t\t\t\t\t\t<div class=\"elementor-container elementor-column-gap-no\">\n\t\t\t\t\t<div class=\"elementor-column elementor-col-33 elementor-top-column elementor-element elementor-element-86c8b33\" data-id=\"86c8b33\" data-element_type=\"column\">\n\t\t\t<div class=\"elementor-widget-wrap elementor-element-populated\">\n\t\t\t\t\t\t<div class=\"elementor-element elementor-element-69903ee elementor-widget elementor-widget-image\" data-id=\"69903ee\" data-element_type=\"widget\" data-widget_type=\"image.default\">\n\t\t\t\t<div class=\"elementor-widget-container\">\n\t\t\t\t\t\t\t\t\t\t\t\t\t\t\t<img fetchpriority=\"high\" decoding=\"async\" width=\"1024\" height=\"682\" src=\"https:\/\/baskeuball.eu\/wp-content\/uploads\/2025\/08\/IMG_5364-1024x682.jpg\" class=\"attachment-large size-large wp-image-26839\" alt=\"\" srcset=\"https:\/\/baskeuball.eu\/wp-content\/uploads\/2025\/08\/IMG_5364-1024x682.jpg 1024w, https:\/\/baskeuball.eu\/wp-content\/uploads\/2025\/08\/IMG_5364-300x200.jpg 300w, https:\/\/baskeuball.eu\/wp-content\/uploads\/2025\/08\/IMG_5364-768x512.jpg 768w, https:\/\/baskeuball.eu\/wp-content\/uploads\/2025\/08\/IMG_5364-1536x1024.jpg 1536w, https:\/\/baskeuball.eu\/wp-content\/uploads\/2025\/08\/IMG_5364.jpg 2000w\" sizes=\"(max-width: 1024px) 100vw, 1024px\" \/>\t\t\t\t\t\t\t\t\t\t\t\t\t\t\t<\/div>\n\t\t\t\t<\/div>\n\t\t\t\t\t<\/div>\n\t\t<\/div>\n\t\t\t\t<div class=\"elementor-column elementor-col-33 elementor-top-column elementor-element elementor-element-1e93876\" data-id=\"1e93876\" data-element_type=\"column\">\n\t\t\t<div class=\"elementor-widget-wrap elementor-element-populated\">\n\t\t\t\t\t\t<div class=\"elementor-element elementor-element-d205cf5 elementor-widget elementor-widget-image\" data-id=\"d205cf5\" data-element_type=\"widget\" data-widget_type=\"image.default\">\n\t\t\t\t<div class=\"elementor-widget-container\">\n\t\t\t\t\t\t\t\t\t\t\t\t\t\t\t<img decoding=\"async\" width=\"1024\" height=\"682\" src=\"https:\/\/baskeuball.eu\/wp-content\/uploads\/2025\/08\/IMG_5538-1024x682.jpg\" class=\"attachment-large size-large wp-image-26840\" alt=\"\" srcset=\"https:\/\/baskeuball.eu\/wp-content\/uploads\/2025\/08\/IMG_5538-1024x682.jpg 1024w, https:\/\/baskeuball.eu\/wp-content\/uploads\/2025\/08\/IMG_5538-300x200.jpg 300w, https:\/\/baskeuball.eu\/wp-content\/uploads\/2025\/08\/IMG_5538-768x512.jpg 768w, https:\/\/baskeuball.eu\/wp-content\/uploads\/2025\/08\/IMG_5538-1536x1024.jpg 1536w, https:\/\/baskeuball.eu\/wp-content\/uploads\/2025\/08\/IMG_5538.jpg 2000w\" sizes=\"(max-width: 1024px) 100vw, 1024px\" \/>\t\t\t\t\t\t\t\t\t\t\t\t\t\t\t<\/div>\n\t\t\t\t<\/div>\n\t\t\t\t\t<\/div>\n\t\t<\/div>\n\t\t\t\t<div class=\"elementor-column elementor-col-33 elementor-top-column elementor-element elementor-element-0fbb3c0\" data-id=\"0fbb3c0\" data-element_type=\"column\">\n\t\t\t<div class=\"elementor-widget-wrap elementor-element-populated\">\n\t\t\t\t\t\t<div class=\"elementor-element elementor-element-d4c2286 elementor-widget elementor-widget-image\" data-id=\"d4c2286\" data-element_type=\"widget\" data-widget_type=\"image.default\">\n\t\t\t\t<div class=\"elementor-widget-container\">\n\t\t\t\t\t\t\t\t\t\t\t\t\t\t\t<img decoding=\"async\" width=\"1024\" height=\"682\" src=\"https:\/\/baskeuball.eu\/wp-content\/uploads\/2025\/08\/IMG_5522-1024x682.jpg\" class=\"attachment-large size-large wp-image-26841\" alt=\"\" srcset=\"https:\/\/baskeuball.eu\/wp-content\/uploads\/2025\/08\/IMG_5522-1024x682.jpg 1024w, https:\/\/baskeuball.eu\/wp-content\/uploads\/2025\/08\/IMG_5522-300x200.jpg 300w, https:\/\/baskeuball.eu\/wp-content\/uploads\/2025\/08\/IMG_5522-768x512.jpg 768w, https:\/\/baskeuball.eu\/wp-content\/uploads\/2025\/08\/IMG_5522-1536x1024.jpg 1536w, https:\/\/baskeuball.eu\/wp-content\/uploads\/2025\/08\/IMG_5522.jpg 2000w\" sizes=\"(max-width: 1024px) 100vw, 1024px\" \/>\t\t\t\t\t\t\t\t\t\t\t\t\t\t\t<\/div>\n\t\t\t\t<\/div>\n\t\t\t\t\t<\/div>\n\t\t<\/div>\n\t\t\t\t\t<\/div>\n\t\t<\/section>\n\t\t\t\t<section class=\"elementor-section elementor-top-section elementor-element elementor-element-5789951 elementor-section-full_width elementor-section-height-default elementor-section-height-default\" data-id=\"5789951\" data-element_type=\"section\">\n\t\t\t\t\t\t<div class=\"elementor-container elementor-column-gap-no\">\n\t\t\t\t\t<div class=\"elementor-column elementor-col-33 elementor-top-column elementor-element elementor-element-f4ac843\" data-id=\"f4ac843\" data-element_type=\"column\">\n\t\t\t<div class=\"elementor-widget-wrap elementor-element-populated\">\n\t\t\t\t\t\t<div class=\"elementor-element elementor-element-bcde623 elementor-widget elementor-widget-image\" data-id=\"bcde623\" data-element_type=\"widget\" data-widget_type=\"image.default\">\n\t\t\t\t<div class=\"elementor-widget-container\">\n\t\t\t\t\t\t\t\t\t\t\t\t\t\t\t<img loading=\"lazy\" decoding=\"async\" width=\"1024\" height=\"682\" src=\"https:\/\/baskeuball.eu\/wp-content\/uploads\/2025\/08\/IMG_5517-1024x682.jpg\" class=\"attachment-large size-large wp-image-26842\" alt=\"\" srcset=\"https:\/\/baskeuball.eu\/wp-content\/uploads\/2025\/08\/IMG_5517-1024x682.jpg 1024w, https:\/\/baskeuball.eu\/wp-content\/uploads\/2025\/08\/IMG_5517-300x200.jpg 300w, https:\/\/baskeuball.eu\/wp-content\/uploads\/2025\/08\/IMG_5517-768x512.jpg 768w, https:\/\/baskeuball.eu\/wp-content\/uploads\/2025\/08\/IMG_5517-1536x1024.jpg 1536w, https:\/\/baskeuball.eu\/wp-content\/uploads\/2025\/08\/IMG_5517.jpg 2000w\" sizes=\"(max-width: 1024px) 100vw, 1024px\" \/>\t\t\t\t\t\t\t\t\t\t\t\t\t\t\t<\/div>\n\t\t\t\t<\/div>\n\t\t\t\t\t<\/div>\n\t\t<\/div>\n\t\t\t\t<div class=\"elementor-column elementor-col-33 elementor-top-column elementor-element elementor-element-58044c2\" data-id=\"58044c2\" data-element_type=\"column\">\n\t\t\t<div class=\"elementor-widget-wrap elementor-element-populated\">\n\t\t\t\t\t\t<div class=\"elementor-element elementor-element-d650e06 elementor-widget elementor-widget-image\" data-id=\"d650e06\" data-element_type=\"widget\" data-widget_type=\"image.default\">\n\t\t\t\t<div class=\"elementor-widget-container\">\n\t\t\t\t\t\t\t\t\t\t\t\t\t\t\t<img loading=\"lazy\" decoding=\"async\" width=\"1024\" height=\"682\" src=\"https:\/\/baskeuball.eu\/wp-content\/uploads\/2025\/08\/IMG_5355-1024x682.jpg\" class=\"attachment-large size-large wp-image-26843\" alt=\"\" srcset=\"https:\/\/baskeuball.eu\/wp-content\/uploads\/2025\/08\/IMG_5355-1024x682.jpg 1024w, https:\/\/baskeuball.eu\/wp-content\/uploads\/2025\/08\/IMG_5355-300x200.jpg 300w, https:\/\/baskeuball.eu\/wp-content\/uploads\/2025\/08\/IMG_5355-768x512.jpg 768w, https:\/\/baskeuball.eu\/wp-content\/uploads\/2025\/08\/IMG_5355-1536x1024.jpg 1536w, https:\/\/baskeuball.eu\/wp-content\/uploads\/2025\/08\/IMG_5355.jpg 2000w\" sizes=\"(max-width: 1024px) 100vw, 1024px\" \/>\t\t\t\t\t\t\t\t\t\t\t\t\t\t\t<\/div>\n\t\t\t\t<\/div>\n\t\t\t\t\t<\/div>\n\t\t<\/div>\n\t\t\t\t<div class=\"elementor-column elementor-col-33 elementor-top-column elementor-element elementor-element-7e4713e\" data-id=\"7e4713e\" data-element_type=\"column\">\n\t\t\t<div class=\"elementor-widget-wrap elementor-element-populated\">\n\t\t\t\t\t\t<div class=\"elementor-element elementor-element-2d32a50 elementor-widget elementor-widget-image\" data-id=\"2d32a50\" data-element_type=\"widget\" data-widget_type=\"image.default\">\n\t\t\t\t<div class=\"elementor-widget-container\">\n\t\t\t\t\t\t\t\t\t\t\t\t\t\t\t<img loading=\"lazy\" decoding=\"async\" width=\"1024\" height=\"682\" src=\"https:\/\/baskeuball.eu\/wp-content\/uploads\/2025\/08\/IMG_5325-1024x682.jpg\" class=\"attachment-large size-large wp-image-26844\" alt=\"\" srcset=\"https:\/\/baskeuball.eu\/wp-content\/uploads\/2025\/08\/IMG_5325-1024x682.jpg 1024w, https:\/\/baskeuball.eu\/wp-content\/uploads\/2025\/08\/IMG_5325-300x200.jpg 300w, https:\/\/baskeuball.eu\/wp-content\/uploads\/2025\/08\/IMG_5325-768x512.jpg 768w, https:\/\/baskeuball.eu\/wp-content\/uploads\/2025\/08\/IMG_5325-1536x1024.jpg 1536w, https:\/\/baskeuball.eu\/wp-content\/uploads\/2025\/08\/IMG_5325.jpg 2000w\" sizes=\"(max-width: 1024px) 100vw, 1024px\" \/>\t\t\t\t\t\t\t\t\t\t\t\t\t\t\t<\/div>\n\t\t\t\t<\/div>\n\t\t\t\t\t<\/div>\n\t\t<\/div>\n\t\t\t\t\t<\/div>\n\t\t<\/section>\n\t\t\t\t<\/div>\n\t\t","protected":false},"excerpt":{"rendered":"<p>Saber c\u00f3mo El Informe de Replicaci\u00f3n de Conocimientos ser\u00e1 un documento que explicar\u00e1 c\u00f3mo este proyecto podr\u00eda replicarse en otros lugares con recomendaciones de herramientas, descripciones de entornos y m\u00e9todos, y un mensaje claro de su objetivo: crear oportunidades para una educaci\u00f3n inclusiva y global. No solo recibir\u00e1s consejos sobre c\u00f3mo promover la inclusi\u00f3n de [&hellip;]<\/p>\n","protected":false},"author":1,"featured_media":0,"parent":0,"menu_order":0,"comment_status":"closed","ping_status":"closed","template":"","meta":{"_monsterinsights_skip_tracking":false,"_monsterinsights_sitenote_active":false,"_monsterinsights_sitenote_note":"","_monsterinsights_sitenote_category":0,"_uf_show_specific_survey":0,"_uf_disable_surveys":false,"site-sidebar-layout":"no-sidebar","site-content-layout":"page-builder","ast-site-content-layout":"full-width-container","site-content-style":"default","site-sidebar-style":"default","ast-global-header-display":"","ast-banner-title-visibility":"","ast-main-header-display":"","ast-hfb-above-header-display":"","ast-hfb-below-header-display":"","ast-hfb-mobile-header-display":"","site-post-title":"disabled","ast-breadcrumbs-content":"","ast-featured-img":"disabled","footer-sml-layout":"","theme-transparent-header-meta":"","adv-header-id-meta":"","stick-header-meta":"","header-above-stick-meta":"","header-main-stick-meta":"","header-below-stick-meta":"","astra-migrate-meta-layouts":"default","ast-page-background-enabled":"default","ast-page-background-meta":{"desktop":{"background-color":"","background-image":"","background-repeat":"repeat","background-position":"center center","background-size":"auto","background-attachment":"scroll","background-type":"","background-media":"","overlay-type":"","overlay-color":"","overlay-opacity":"","overlay-gradient":""},"tablet":{"background-color":"","background-image":"","background-repeat":"repeat","background-position":"center center","background-size":"auto","background-attachment":"scroll","background-type":"","background-media":"","overlay-type":"","overlay-color":"","overlay-opacity":"","overlay-gradient":""},"mobile":{"background-color":"","background-image":"","background-repeat":"repeat","background-position":"center center","background-size":"auto","background-attachment":"scroll","background-type":"","background-media":"","overlay-type":"","overlay-color":"","overlay-opacity":"","overlay-gradient":""}},"ast-content-background-meta":{"desktop":{"background-color":"var(--ast-global-color-5)","background-image":"","background-repeat":"repeat","background-position":"center center","background-size":"auto","background-attachment":"scroll","background-type":"","background-media":"","overlay-type":"","overlay-color":"","overlay-opacity":"","overlay-gradient":""},"tablet":{"background-color":"var(--ast-global-color-5)","background-image":"","background-repeat":"repeat","background-position":"center center","background-size":"auto","background-attachment":"scroll","background-type":"","background-media":"","overlay-type":"","overlay-color":"","overlay-opacity":"","overlay-gradient":""},"mobile":{"background-color":"var(--ast-global-color-5)","background-image":"","background-repeat":"repeat","background-position":"center center","background-size":"auto","background-attachment":"scroll","background-type":"","background-media":"","overlay-type":"","overlay-color":"","overlay-opacity":"","overlay-gradient":""}},"footnotes":""},"class_list":["post-27095","page","type-page","status-publish","hentry"],"_links":{"self":[{"href":"https:\/\/baskeuball.eu\/es\/wp-json\/wp\/v2\/pages\/27095","targetHints":{"allow":["GET"]}}],"collection":[{"href":"https:\/\/baskeuball.eu\/es\/wp-json\/wp\/v2\/pages"}],"about":[{"href":"https:\/\/baskeuball.eu\/es\/wp-json\/wp\/v2\/types\/page"}],"author":[{"embeddable":true,"href":"https:\/\/baskeuball.eu\/es\/wp-json\/wp\/v2\/users\/1"}],"replies":[{"embeddable":true,"href":"https:\/\/baskeuball.eu\/es\/wp-json\/wp\/v2\/comments?post=27095"}],"version-history":[{"count":2,"href":"https:\/\/baskeuball.eu\/es\/wp-json\/wp\/v2\/pages\/27095\/revisions"}],"predecessor-version":[{"id":27098,"href":"https:\/\/baskeuball.eu\/es\/wp-json\/wp\/v2\/pages\/27095\/revisions\/27098"}],"wp:attachment":[{"href":"https:\/\/baskeuball.eu\/es\/wp-json\/wp\/v2\/media?parent=27095"}],"curies":[{"name":"wp","href":"https:\/\/api.w.org\/{rel}","templated":true}]}}