{"id":26800,"date":"2023-09-15T08:26:36","date_gmt":"2023-09-15T06:26:36","guid":{"rendered":"https:\/\/baskeuball.eu\/consorcio"},"modified":"2025-10-14T12:20:30","modified_gmt":"2025-10-14T10:20:30","slug":"consorcio","status":"publish","type":"page","link":"https:\/\/baskeuball.eu\/es\/consorcio","title":{"rendered":"Consorcio"},"content":{"rendered":"\t\t<div data-elementor-type=\"wp-page\" data-elementor-id=\"26800\" class=\"elementor elementor-26800 elementor-25529\">\n\t\t\t\t\t\t<section class=\"elementor-section elementor-top-section elementor-element elementor-element-66k7q6t elementor-section-content-middle elementor-section-boxed elementor-section-height-default elementor-section-height-default\" data-id=\"66k7q6t\" data-element_type=\"section\" data-settings=\"{&quot;background_background&quot;:&quot;classic&quot;}\">\n\t\t\t\t\t\t\t<div class=\"elementor-background-overlay\"><\/div>\n\t\t\t\t\t\t\t<div class=\"elementor-container elementor-column-gap-no\">\n\t\t\t\t\t<div class=\"elementor-column elementor-col-100 elementor-top-column elementor-element elementor-element-3dffa3a\" data-id=\"3dffa3a\" data-element_type=\"column\">\n\t\t\t<div class=\"elementor-widget-wrap elementor-element-populated\">\n\t\t\t\t\t\t<div class=\"elementor-element elementor-element-f945cab elementor-widget elementor-widget-heading\" data-id=\"f945cab\" data-element_type=\"widget\" data-widget_type=\"heading.default\">\n\t\t\t\t<div class=\"elementor-widget-container\">\n\t\t\t\t\t<h1 class=\"elementor-heading-title elementor-size-default\">Consorcio<\/h1>\t\t\t\t<\/div>\n\t\t\t\t<\/div>\n\t\t\t\t\t<\/div>\n\t\t<\/div>\n\t\t\t\t\t<\/div>\n\t\t<\/section>\n\t\t\t\t<section class=\"elementor-section elementor-top-section elementor-element elementor-element-2c7f764 elementor-section-boxed elementor-section-height-default elementor-section-height-default\" data-id=\"2c7f764\" data-element_type=\"section\">\n\t\t\t\t\t\t<div class=\"elementor-container elementor-column-gap-default\">\n\t\t\t\t\t<div class=\"elementor-column elementor-col-33 elementor-top-column elementor-element elementor-element-a042098\" data-id=\"a042098\" data-element_type=\"column\" data-settings=\"{&quot;background_background&quot;:&quot;classic&quot;}\">\n\t\t\t<div class=\"elementor-widget-wrap elementor-element-populated\">\n\t\t\t\t\t\t<div class=\"elementor-element elementor-element-8ece69a elementor-widget elementor-widget-text-editor\" data-id=\"8ece69a\" data-element_type=\"widget\" data-widget_type=\"text-editor.default\">\n\t\t\t\t<div class=\"elementor-widget-container\">\n\t\t\t\t\t\t\t\t\t<p><span style=\"font-weight: 400;\">La<\/span> <a href=\"https:\/\/www.udg.edu\/ca\/\">\n  <span style=\"font-weight: 400;\">Universitat de Girona<\/span>\n<\/a> <span style=\"font-weight: 400;\">(UdG) es una instituci\u00f3n p\u00fablica de educaci\u00f3n superior dedicada a la excelencia acad\u00e9mica que se esfuerza por contribuir al progreso de la sociedad mediante la creaci\u00f3n, transmisi\u00f3n, difusi\u00f3n y revisi\u00f3n del conocimiento.<\/span> <a href=\"https:\/\/udigital.udg.edu\/\">\n  <span style=\"font-weight: 400;\">UdiGitalEdu<\/span>\n<\/a> <span style=\"font-weight: 400;\">(<\/span> <a href=\"https:\/\/vicorob.udg.edu\/\">\n  <span style=\"font-weight: 400;\">Instituto VICOROB)<\/span>\n<\/a><span style=\"font-weight: 400;\">) es uno de sus grupos de investigaci\u00f3n y desarrolla proyectos en las \u00e1reas de Educaci\u00f3n, Tecnolog\u00eda y Desarrollo Internacional con un enfoque multidisciplinario. El grupo se centra especialmente en la infancia migrante reci\u00e9n llegada y las comunidades marginadas.   <\/span><\/p>\t\t\t\t\t\t\t\t<\/div>\n\t\t\t\t<\/div>\n\t\t\t\t<div class=\"elementor-element elementor-element-94b3991 elementor-widget elementor-widget-video\" data-id=\"94b3991\" data-element_type=\"widget\" data-settings=\"{&quot;youtube_url&quot;:&quot;https:\\\/\\\/www.youtube.com\\\/watch?v=33Q7sK-MX2E&quot;,&quot;video_type&quot;:&quot;youtube&quot;,&quot;controls&quot;:&quot;yes&quot;}\" data-widget_type=\"video.default\">\n\t\t\t\t<div class=\"elementor-widget-container\">\n\t\t\t\t\t\t\t<div class=\"elementor-wrapper elementor-open-inline\">\n\t\t\t<div class=\"elementor-video\"><\/div>\t\t<\/div>\n\t\t\t\t\t\t<\/div>\n\t\t\t\t<\/div>\n\t\t\t\t\t<\/div>\n\t\t<\/div>\n\t\t\t\t<div class=\"elementor-column elementor-col-33 elementor-top-column elementor-element elementor-element-6de03d2\" data-id=\"6de03d2\" data-element_type=\"column\" data-settings=\"{&quot;background_background&quot;:&quot;classic&quot;}\">\n\t\t\t<div class=\"elementor-widget-wrap elementor-element-populated\">\n\t\t\t\t\t\t<div class=\"elementor-element elementor-element-78ff637 elementor-widget elementor-widget-text-editor\" data-id=\"78ff637\" data-element_type=\"widget\" data-widget_type=\"text-editor.default\">\n\t\t\t\t<div class=\"elementor-widget-container\">\n\t\t\t\t\t\t\t\t\t<p>El colegio <span style=\"color: #000000;\">\n  <a style=\"color: #000000;\" href=\"https:\/\/agora.xtec.cat\/ceip-lafarga-salt\/\" target=\"_blank\" rel=\"noopener\">La Farga<\/a>\n<\/span> es un colegio p\u00fablico con ni\u00f1os de entre 3 y 12 a\u00f1os, con aproximadamente 380 alumnos, aunque es dif\u00edcil precisar la cifra debido a la gran cantidad de nuevos alumnos que se incorporan durante el curso escolar. Hay 6 grupos de educaci\u00f3n infantil y 12 de primaria. Est\u00e1 ubicado en el centro de la ciudad de Salt, donde se concentra la mayor parte de la poblaci\u00f3n reci\u00e9n llegada.  <\/p><p>El Colegio La Farga est\u00e1 catalogado como de m\u00e1xima complejidad por el Departamento de Educaci\u00f3n de la Generalitat de Catalu\u00f1a. Esto se debe a que el 100 % de las familias de nuestro alumnado son de origen extranjero (la media de los centros educativos en Catalu\u00f1a es del 37,62 %). Trabajamos con familias de 17 pa\u00edses diferentes.    <\/p>\t\t\t\t\t\t\t\t<\/div>\n\t\t\t\t<\/div>\n\t\t\t\t<div class=\"elementor-element elementor-element-4aee4dc elementor-widget elementor-widget-video\" data-id=\"4aee4dc\" data-element_type=\"widget\" data-settings=\"{&quot;youtube_url&quot;:&quot;https:\\\/\\\/youtu.be\\\/GH5ZlkFPerc&quot;,&quot;video_type&quot;:&quot;youtube&quot;,&quot;controls&quot;:&quot;yes&quot;}\" data-widget_type=\"video.default\">\n\t\t\t\t<div class=\"elementor-widget-container\">\n\t\t\t\t\t\t\t<div class=\"elementor-wrapper elementor-open-inline\">\n\t\t\t<div class=\"elementor-video\"><\/div>\t\t<\/div>\n\t\t\t\t\t\t<\/div>\n\t\t\t\t<\/div>\n\t\t\t\t\t<\/div>\n\t\t<\/div>\n\t\t\t\t<div class=\"elementor-column elementor-col-33 elementor-top-column elementor-element elementor-element-251bd80\" data-id=\"251bd80\" data-element_type=\"column\">\n\t\t\t<div class=\"elementor-widget-wrap elementor-element-populated\">\n\t\t\t\t\t\t<div class=\"elementor-element elementor-element-5e57473 elementor-widget elementor-widget-text-editor\" data-id=\"5e57473\" data-element_type=\"widget\" data-widget_type=\"text-editor.default\">\n\t\t\t\t<div class=\"elementor-widget-container\">\n\t\t\t\t\t\t\t\t\t<p><span style=\"color: #000000;\">CB Salt<\/span> se fund\u00f3 en septiembre de 1972 y es una organizaci\u00f3n sin \u00e1nimo de lucro con sede en el municipio de Salt (Girona), con sede en el Pabell\u00f3n Municipal de Deportes. Este a\u00f1o celebramos nuestro 50.\u00ba aniversario.<br> El club est\u00e1 formado por 22 equipos de jugadores y jugadoras, que suman m\u00e1s de 220 personas, con edades comprendidas entre los 5 y los 18 a\u00f1os. Cada equipo tambi\u00e9n est\u00e1 formado por dos entrenadores con sus respectivos entrenadores.<br> Titulaci\u00f3n oficial expedida por la Federaci\u00f3n Catalana de Baloncesto (FCBQ), por lo que el club cuenta con m\u00e1s de 40 entrenadores y monitores.  <\/p>\t\t\t\t\t\t\t\t<\/div>\n\t\t\t\t<\/div>\n\t\t\t\t<div class=\"elementor-element elementor-element-0e3d90d elementor-widget elementor-widget-image\" data-id=\"0e3d90d\" data-element_type=\"widget\" data-widget_type=\"image.default\">\n\t\t\t\t<div class=\"elementor-widget-container\">\n\t\t\t\t\t\t\t\t\t\t\t\t\t\t\t<img fetchpriority=\"high\" decoding=\"async\" width=\"1024\" height=\"710\" src=\"https:\/\/baskeuball.eu\/wp-content\/uploads\/2024\/02\/Captura-de-pantalla-2024-02-22-a-les-14.40.01-1024x710.png\" class=\"attachment-large size-large wp-image-26801\" alt=\"\" srcset=\"https:\/\/baskeuball.eu\/wp-content\/uploads\/2024\/02\/Captura-de-pantalla-2024-02-22-a-les-14.40.01-1024x710.png 1024w, https:\/\/baskeuball.eu\/wp-content\/uploads\/2024\/02\/Captura-de-pantalla-2024-02-22-a-les-14.40.01-300x208.png 300w, https:\/\/baskeuball.eu\/wp-content\/uploads\/2024\/02\/Captura-de-pantalla-2024-02-22-a-les-14.40.01-768x533.png 768w, https:\/\/baskeuball.eu\/wp-content\/uploads\/2024\/02\/Captura-de-pantalla-2024-02-22-a-les-14.40.01-1536x1066.png 1536w, https:\/\/baskeuball.eu\/wp-content\/uploads\/2024\/02\/Captura-de-pantalla-2024-02-22-a-les-14.40.01-2048x1421.png 2048w\" sizes=\"(max-width: 1024px) 100vw, 1024px\" \/>\t\t\t\t\t\t\t\t\t\t\t\t\t\t\t<\/div>\n\t\t\t\t<\/div>\n\t\t\t\t\t<\/div>\n\t\t<\/div>\n\t\t\t\t\t<\/div>\n\t\t<\/section>\n\t\t\t\t<section class=\"elementor-section elementor-top-section elementor-element elementor-element-356a6ef elementor-section-boxed elementor-section-height-default elementor-section-height-default\" data-id=\"356a6ef\" data-element_type=\"section\" data-settings=\"{&quot;background_background&quot;:&quot;classic&quot;}\">\n\t\t\t\t\t\t<div class=\"elementor-container elementor-column-gap-default\">\n\t\t\t\t\t<div class=\"elementor-column elementor-col-100 elementor-top-column elementor-element elementor-element-93d3659\" data-id=\"93d3659\" data-element_type=\"column\">\n\t\t\t<div class=\"elementor-widget-wrap elementor-element-populated\">\n\t\t\t\t\t\t<div class=\"elementor-element elementor-element-c9a399c elementor-widget elementor-widget-spacer\" data-id=\"c9a399c\" data-element_type=\"widget\" data-widget_type=\"spacer.default\">\n\t\t\t\t<div class=\"elementor-widget-container\">\n\t\t\t\t\t\t\t<div class=\"elementor-spacer\">\n\t\t\t<div class=\"elementor-spacer-inner\"><\/div>\n\t\t<\/div>\n\t\t\t\t\t\t<\/div>\n\t\t\t\t<\/div>\n\t\t\t\t\t<\/div>\n\t\t<\/div>\n\t\t\t\t\t<\/div>\n\t\t<\/section>\n\t\t\t\t<section class=\"elementor-section elementor-top-section elementor-element elementor-element-73e9b20 elementor-section-boxed elementor-section-height-default elementor-section-height-default\" data-id=\"73e9b20\" data-element_type=\"section\">\n\t\t\t\t\t\t<div class=\"elementor-container elementor-column-gap-default\">\n\t\t\t\t\t<div class=\"elementor-column elementor-col-33 elementor-top-column elementor-element elementor-element-02111dd\" data-id=\"02111dd\" data-element_type=\"column\" data-settings=\"{&quot;background_background&quot;:&quot;classic&quot;}\">\n\t\t\t<div class=\"elementor-widget-wrap elementor-element-populated\">\n\t\t\t\t\t\t<div class=\"elementor-element elementor-element-ea95433 elementor-widget elementor-widget-text-editor\" data-id=\"ea95433\" data-element_type=\"widget\" data-widget_type=\"text-editor.default\">\n\t\t\t\t<div class=\"elementor-widget-container\">\n\t\t\t\t\t\t\t\t\t<p><a href=\"_wp_link_placeholder\" data-wplink-edit=\"true\">La Universidad Lituana del Deporte<\/a> (LSU), fundada en 1934, es una instituci\u00f3n p\u00fablica de educaci\u00f3n superior especializada que ha desarrollado una tradici\u00f3n \u00fanica en ciencias del deporte, el ocio y la salud. Con su misi\u00f3n de contribuir al desarrollo sostenible de la sociedad mediante la investigaci\u00f3n de nivel internacional y la excelencia acad\u00e9mica, la LSU es reconocida como un centro acad\u00e9mico y de investigaci\u00f3n l\u00edder en ciencias del deporte en la regi\u00f3n del Mar B\u00e1ltico. <\/p><p>La LSU ofrece programas de estudio en los tres ciclos de estudio, principalmente en ciencias del deporte, donde se combinan estudios, investigaci\u00f3n y pr\u00e1ctica.<br> estrechamente interconectados.<\/p>\t\t\t\t\t\t\t\t<\/div>\n\t\t\t\t<\/div>\n\t\t\t\t<div class=\"elementor-element elementor-element-aeada48 elementor-widget elementor-widget-video\" data-id=\"aeada48\" data-element_type=\"widget\" data-settings=\"{&quot;youtube_url&quot;:&quot;https:\\\/\\\/www.youtube.com\\\/watch?v=0kbd18avLQY&quot;,&quot;video_type&quot;:&quot;youtube&quot;,&quot;controls&quot;:&quot;yes&quot;}\" data-widget_type=\"video.default\">\n\t\t\t\t<div class=\"elementor-widget-container\">\n\t\t\t\t\t\t\t<div class=\"elementor-wrapper elementor-open-inline\">\n\t\t\t<div class=\"elementor-video\"><\/div>\t\t<\/div>\n\t\t\t\t\t\t<\/div>\n\t\t\t\t<\/div>\n\t\t\t\t\t<\/div>\n\t\t<\/div>\n\t\t\t\t<div class=\"elementor-column elementor-col-33 elementor-top-column elementor-element elementor-element-6242084\" data-id=\"6242084\" data-element_type=\"column\" data-settings=\"{&quot;background_background&quot;:&quot;classic&quot;}\">\n\t\t\t<div class=\"elementor-widget-wrap elementor-element-populated\">\n\t\t\t\t\t\t<div class=\"elementor-element elementor-element-0ceb638 elementor-widget elementor-widget-text-editor\" data-id=\"0ceb638\" data-element_type=\"widget\" data-widget_type=\"text-editor.default\">\n\t\t\t\t<div class=\"elementor-widget-container\">\n\t\t\t\t\t\t\t\t\t<p><span style=\"color: #000000;\">Kaunas St. Kazimieras<\/span> progymnasium es una escuela situada en las afueras de Kaunas que ense\u00f1a a estudiantes de entre 6 y 14 a\u00f1os.<br> Nuestro colegio ofrece educaci\u00f3n preescolar, primaria y b\u00e1sica. Nuestros alumnos tienen todas las oportunidades para expresarse y aspiramos a que sean de mente abierta, curiosos, creativos y se conviertan en personas interesadas no solo en su pa\u00eds, sino tambi\u00e9n en la comunidad europea. Nuestros valores escolares son: democracia, responsabilidad, respeto, tolerancia, empat\u00eda, creatividad, ciudadan\u00eda activa, la necesidad de mejorar y la cooperaci\u00f3n de la comunidad escolar para un trabajo significativo.  <\/p>\t\t\t\t\t\t\t\t<\/div>\n\t\t\t\t<\/div>\n\t\t\t\t\t<\/div>\n\t\t<\/div>\n\t\t\t\t<div class=\"elementor-column elementor-col-33 elementor-top-column elementor-element elementor-element-0794d81\" data-id=\"0794d81\" data-element_type=\"column\">\n\t\t\t<div class=\"elementor-widget-wrap elementor-element-populated\">\n\t\t\t\t\t\t<div class=\"elementor-element elementor-element-ad78775 elementor-widget elementor-widget-text-editor\" data-id=\"ad78775\" data-element_type=\"widget\" data-widget_type=\"text-editor.default\">\n\t\t\t\t<div class=\"elementor-widget-container\">\n\t\t\t\t\t\t\t\t\t<p><a href=\"https:\/\/kasnaiperis.lt\/\" target=\"_blank\" rel=\"noopener\">BA SNAIPERIS<\/a> se fund\u00f3 el 19 de agosto de 2004. La Academia re\u00fane a unos 1000 ni\u00f1os y ni\u00f1as de diferentes edades: 500 de preescolar (de 4 a 6 a\u00f1os) y 500 escolares (de 7 a 18 a\u00f1os). Veinte entrenadores organizan entrenamientos de baloncesto. Colaboramos con m\u00e1s de 40 jardines de infancia, escuelas primarias, institutos y gimnasios de la ciudad y el distrito de Kaunas, cuyos ni\u00f1os eligen practicar deporte y crecer con nuestra Academia.   <\/p>\t\t\t\t\t\t\t\t<\/div>\n\t\t\t\t<\/div>\n\t\t\t\t<div class=\"elementor-element elementor-element-a4c1e21 elementor-widget elementor-widget-video\" data-id=\"a4c1e21\" data-element_type=\"widget\" data-settings=\"{&quot;youtube_url&quot;:&quot;https:\\\/\\\/www.youtube.com\\\/watch?v=E6ytboa9av0&quot;,&quot;video_type&quot;:&quot;youtube&quot;,&quot;controls&quot;:&quot;yes&quot;}\" data-widget_type=\"video.default\">\n\t\t\t\t<div class=\"elementor-widget-container\">\n\t\t\t\t\t\t\t<div class=\"elementor-wrapper elementor-open-inline\">\n\t\t\t<div class=\"elementor-video\"><\/div>\t\t<\/div>\n\t\t\t\t\t\t<\/div>\n\t\t\t\t<\/div>\n\t\t\t\t\t<\/div>\n\t\t<\/div>\n\t\t\t\t\t<\/div>\n\t\t<\/section>\n\t\t\t\t<section class=\"elementor-section elementor-top-section elementor-element elementor-element-91b54fb elementor-section-boxed elementor-section-height-default elementor-section-height-default\" data-id=\"91b54fb\" data-element_type=\"section\" data-settings=\"{&quot;background_background&quot;:&quot;classic&quot;}\">\n\t\t\t\t\t\t<div class=\"elementor-container elementor-column-gap-default\">\n\t\t\t\t\t<div class=\"elementor-column elementor-col-100 elementor-top-column elementor-element elementor-element-6ed488f\" data-id=\"6ed488f\" data-element_type=\"column\">\n\t\t\t<div class=\"elementor-widget-wrap elementor-element-populated\">\n\t\t\t\t\t\t<div class=\"elementor-element elementor-element-2e932da elementor-widget elementor-widget-spacer\" data-id=\"2e932da\" data-element_type=\"widget\" data-widget_type=\"spacer.default\">\n\t\t\t\t<div class=\"elementor-widget-container\">\n\t\t\t\t\t\t\t<div class=\"elementor-spacer\">\n\t\t\t<div class=\"elementor-spacer-inner\"><\/div>\n\t\t<\/div>\n\t\t\t\t\t\t<\/div>\n\t\t\t\t<\/div>\n\t\t\t\t\t<\/div>\n\t\t<\/div>\n\t\t\t\t\t<\/div>\n\t\t<\/section>\n\t\t\t\t<section class=\"elementor-section elementor-top-section elementor-element elementor-element-8a57808 elementor-section-boxed elementor-section-height-default elementor-section-height-default\" data-id=\"8a57808\" data-element_type=\"section\">\n\t\t\t\t\t\t<div class=\"elementor-container elementor-column-gap-default\">\n\t\t\t\t\t<div class=\"elementor-column elementor-col-33 elementor-top-column elementor-element elementor-element-69e3874\" data-id=\"69e3874\" data-element_type=\"column\" data-settings=\"{&quot;background_background&quot;:&quot;classic&quot;}\">\n\t\t\t<div class=\"elementor-widget-wrap elementor-element-populated\">\n\t\t\t\t\t\t<div class=\"elementor-element elementor-element-aac36e9 elementor-widget elementor-widget-text-editor\" data-id=\"aac36e9\" data-element_type=\"widget\" data-widget_type=\"text-editor.default\">\n\t\t\t\t<div class=\"elementor-widget-container\">\n\t\t\t\t\t\t\t\t\t<p><a href=\"https:\/\/action.gr\/\" target=\"_blank\" rel=\"noopener\">Action Synergy SA<\/a> es una organizaci\u00f3n de educaci\u00f3n, formaci\u00f3n y aplicaciones basadas en el conocimiento que participa activamente en el desarrollo de tecnolog\u00edas educativas, metodolog\u00edas de formaci\u00f3n y el desarrollo de cursos de formaci\u00f3n de aprendizaje electr\u00f3nico.<\/p><p><br>Action Synergy SA cuenta con una amplia experiencia en la gesti\u00f3n y coordinaci\u00f3n de proyectos europeos. Desde su fundaci\u00f3n en 1986, la organizaci\u00f3n ha participado en un n\u00famero considerable de proyectos educativos de la UE, como COMETT, PETRA, S\u00d3CRATES, LEONARDO DA VINCI, ADAPT, TEMPUS, PHARE, educaci\u00f3n a distancia, LLP y ERASMUS+. <\/p>\t\t\t\t\t\t\t\t<\/div>\n\t\t\t\t<\/div>\n\t\t\t\t\t<\/div>\n\t\t<\/div>\n\t\t\t\t<div class=\"elementor-column elementor-col-33 elementor-top-column elementor-element elementor-element-b58b340\" data-id=\"b58b340\" data-element_type=\"column\" data-settings=\"{&quot;background_background&quot;:&quot;classic&quot;}\">\n\t\t\t<div class=\"elementor-widget-wrap elementor-element-populated\">\n\t\t\t\t\t\t<div class=\"elementor-element elementor-element-073a875 elementor-widget elementor-widget-text-editor\" data-id=\"073a875\" data-element_type=\"widget\" data-widget_type=\"text-editor.default\">\n\t\t\t\t<div class=\"elementor-widget-container\">\n\t\t\t\t\t\t\t\t\t<p><span style=\"color: #000000;\">La Escuela Primaria de Segundo Grado Nea Peramos Attikis<\/span> es uno de los tres centros de Educaci\u00f3n Primaria de la ciudad de N. Peramos Attikis. Nuestra escuela funciona dentro de un Programa Educativo Unificado Reestructurado y su horario es de 8:00 a 16:00. Cuenta con 300 alumnos, de los cuales el 9% son extranjeros y el 8% son ni\u00f1os roman\u00edes.  <\/p><p>El personal de la escuela est\u00e1 profundamente interesado en crear experiencias de aprendizaje atractivas para todos los alumnos, ya que la educaci\u00f3n inclusiva es la base de sociedades equitativas.<\/p>\t\t\t\t\t\t\t\t<\/div>\n\t\t\t\t<\/div>\n\t\t\t\t\t<\/div>\n\t\t<\/div>\n\t\t\t\t<div class=\"elementor-column elementor-col-33 elementor-top-column elementor-element elementor-element-2e6c012\" data-id=\"2e6c012\" data-element_type=\"column\">\n\t\t\t<div class=\"elementor-widget-wrap elementor-element-populated\">\n\t\t\t\t\t\t<div class=\"elementor-element elementor-element-6b5681f elementor-widget elementor-widget-text-editor\" data-id=\"6b5681f\" data-element_type=\"widget\" data-widget_type=\"text-editor.default\">\n\t\t\t\t<div class=\"elementor-widget-container\">\n\t\t\t\t\t\t\t\t\t<p>El objetivo principal de <span style=\"color: #000000;\">Enosi Neas Peramou &#8211; Megaron<\/span> es formar a ni\u00f1os y ni\u00f1as, a partir de los 5 a\u00f1os, en el deporte del baloncesto.<\/p><p> <\/p>\t\t\t\t\t\t\t\t<\/div>\n\t\t\t\t<\/div>\n\t\t\t\t<div class=\"elementor-element elementor-element-be34bd1 elementor-widget elementor-widget-image\" data-id=\"be34bd1\" data-element_type=\"widget\" data-widget_type=\"image.default\">\n\t\t\t\t<div class=\"elementor-widget-container\">\n\t\t\t\t\t\t\t\t\t\t\t\t\t\t\t<img decoding=\"async\" width=\"960\" height=\"540\" src=\"https:\/\/baskeuball.eu\/wp-content\/uploads\/2024\/02\/347396432_770643161528748_5693166946512125413_n.jpg\" class=\"attachment-large size-large wp-image-26802\" alt=\"\" srcset=\"https:\/\/baskeuball.eu\/wp-content\/uploads\/2024\/02\/347396432_770643161528748_5693166946512125413_n.jpg 960w, https:\/\/baskeuball.eu\/wp-content\/uploads\/2024\/02\/347396432_770643161528748_5693166946512125413_n-300x169.jpg 300w, https:\/\/baskeuball.eu\/wp-content\/uploads\/2024\/02\/347396432_770643161528748_5693166946512125413_n-768x432.jpg 768w\" sizes=\"(max-width: 960px) 100vw, 960px\" \/>\t\t\t\t\t\t\t\t\t\t\t\t\t\t\t<\/div>\n\t\t\t\t<\/div>\n\t\t\t\t\t<\/div>\n\t\t<\/div>\n\t\t\t\t\t<\/div>\n\t\t<\/section>\n\t\t\t\t<\/div>\n\t\t","protected":false},"excerpt":{"rendered":"<p>Consorcio La Universitat de Girona (UdG) es una instituci\u00f3n p\u00fablica de educaci\u00f3n superior dedicada a la excelencia acad\u00e9mica que se esfuerza por contribuir al progreso de la sociedad mediante la creaci\u00f3n, transmisi\u00f3n, difusi\u00f3n y revisi\u00f3n del conocimiento. UdiGitalEdu ( Instituto VICOROB) ) es uno de sus grupos de investigaci\u00f3n y desarrolla proyectos en las \u00e1reas [&hellip;]<\/p>\n","protected":false},"author":1,"featured_media":0,"parent":0,"menu_order":0,"comment_status":"closed","ping_status":"closed","template":"","meta":{"_monsterinsights_skip_tracking":false,"_monsterinsights_sitenote_active":false,"_monsterinsights_sitenote_note":"","_monsterinsights_sitenote_category":0,"_uf_show_specific_survey":0,"_uf_disable_surveys":false,"site-sidebar-layout":"no-sidebar","site-content-layout":"page-builder","ast-site-content-layout":"full-width-container","site-content-style":"default","site-sidebar-style":"default","ast-global-header-display":"","ast-banner-title-visibility":"","ast-main-header-display":"","ast-hfb-above-header-display":"","ast-hfb-below-header-display":"","ast-hfb-mobile-header-display":"","site-post-title":"disabled","ast-breadcrumbs-content":"","ast-featured-img":"disabled","footer-sml-layout":"","theme-transparent-header-meta":"","adv-header-id-meta":"","stick-header-meta":"","header-above-stick-meta":"","header-main-stick-meta":"","header-below-stick-meta":"","astra-migrate-meta-layouts":"default","ast-page-background-enabled":"default","ast-page-background-meta":{"desktop":{"background-color":"","background-image":"","background-repeat":"repeat","background-position":"center center","background-size":"auto","background-attachment":"scroll","background-type":"","background-media":"","overlay-type":"","overlay-color":"","overlay-opacity":"","overlay-gradient":""},"tablet":{"background-color":"","background-image":"","background-repeat":"repeat","background-position":"center center","background-size":"auto","background-attachment":"scroll","background-type":"","background-media":"","overlay-type":"","overlay-color":"","overlay-opacity":"","overlay-gradient":""},"mobile":{"background-color":"","background-image":"","background-repeat":"repeat","background-position":"center center","background-size":"auto","background-attachment":"scroll","background-type":"","background-media":"","overlay-type":"","overlay-color":"","overlay-opacity":"","overlay-gradient":""}},"ast-content-background-meta":{"desktop":{"background-color":"var(--ast-global-color-5)","background-image":"","background-repeat":"repeat","background-position":"center center","background-size":"auto","background-attachment":"scroll","background-type":"","background-media":"","overlay-type":"","overlay-color":"","overlay-opacity":"","overlay-gradient":""},"tablet":{"background-color":"var(--ast-global-color-5)","background-image":"","background-repeat":"repeat","background-position":"center center","background-size":"auto","background-attachment":"scroll","background-type":"","background-media":"","overlay-type":"","overlay-color":"","overlay-opacity":"","overlay-gradient":""},"mobile":{"background-color":"var(--ast-global-color-5)","background-image":"","background-repeat":"repeat","background-position":"center center","background-size":"auto","background-attachment":"scroll","background-type":"","background-media":"","overlay-type":"","overlay-color":"","overlay-opacity":"","overlay-gradient":""}},"footnotes":""},"class_list":["post-26800","page","type-page","status-publish","hentry"],"_links":{"self":[{"href":"https:\/\/baskeuball.eu\/es\/wp-json\/wp\/v2\/pages\/26800","targetHints":{"allow":["GET"]}}],"collection":[{"href":"https:\/\/baskeuball.eu\/es\/wp-json\/wp\/v2\/pages"}],"about":[{"href":"https:\/\/baskeuball.eu\/es\/wp-json\/wp\/v2\/types\/page"}],"author":[{"embeddable":true,"href":"https:\/\/baskeuball.eu\/es\/wp-json\/wp\/v2\/users\/1"}],"replies":[{"embeddable":true,"href":"https:\/\/baskeuball.eu\/es\/wp-json\/wp\/v2\/comments?post=26800"}],"version-history":[{"count":6,"href":"https:\/\/baskeuball.eu\/es\/wp-json\/wp\/v2\/pages\/26800\/revisions"}],"predecessor-version":[{"id":27271,"href":"https:\/\/baskeuball.eu\/es\/wp-json\/wp\/v2\/pages\/26800\/revisions\/27271"}],"wp:attachment":[{"href":"https:\/\/baskeuball.eu\/es\/wp-json\/wp\/v2\/media?parent=26800"}],"curies":[{"name":"wp","href":"https:\/\/api.w.org\/{rel}","templated":true}]}}