{"id":26848,"date":"2023-09-15T08:26:36","date_gmt":"2023-09-15T06:26:36","guid":{"rendered":"https:\/\/baskeuball.eu\/consorci"},"modified":"2025-10-13T11:25:58","modified_gmt":"2025-10-13T09:25:58","slug":"consorci","status":"publish","type":"page","link":"https:\/\/baskeuball.eu\/ca\/consorci","title":{"rendered":"Consorci"},"content":{"rendered":"\t\t<div data-elementor-type=\"wp-page\" data-elementor-id=\"26848\" class=\"elementor elementor-26848 elementor-25529\">\n\t\t\t\t\t\t<section class=\"elementor-section elementor-top-section elementor-element elementor-element-66k7q6t elementor-section-content-middle elementor-section-boxed elementor-section-height-default elementor-section-height-default\" data-id=\"66k7q6t\" data-element_type=\"section\" data-settings=\"{&quot;background_background&quot;:&quot;classic&quot;}\">\n\t\t\t\t\t\t\t<div class=\"elementor-background-overlay\"><\/div>\n\t\t\t\t\t\t\t<div class=\"elementor-container elementor-column-gap-no\">\n\t\t\t\t\t<div class=\"elementor-column elementor-col-100 elementor-top-column elementor-element elementor-element-3dffa3a\" data-id=\"3dffa3a\" data-element_type=\"column\">\n\t\t\t<div class=\"elementor-widget-wrap elementor-element-populated\">\n\t\t\t\t\t\t<div class=\"elementor-element elementor-element-f945cab elementor-widget elementor-widget-heading\" data-id=\"f945cab\" data-element_type=\"widget\" data-widget_type=\"heading.default\">\n\t\t\t\t<div class=\"elementor-widget-container\">\n\t\t\t\t\t<h1 class=\"elementor-heading-title elementor-size-default\">Consorci<\/h1>\t\t\t\t<\/div>\n\t\t\t\t<\/div>\n\t\t\t\t\t<\/div>\n\t\t<\/div>\n\t\t\t\t\t<\/div>\n\t\t<\/section>\n\t\t\t\t<section class=\"elementor-section elementor-top-section elementor-element elementor-element-2c7f764 elementor-section-boxed elementor-section-height-default elementor-section-height-default\" data-id=\"2c7f764\" data-element_type=\"section\">\n\t\t\t\t\t\t<div class=\"elementor-container elementor-column-gap-default\">\n\t\t\t\t\t<div class=\"elementor-column elementor-col-33 elementor-top-column elementor-element elementor-element-a042098\" data-id=\"a042098\" data-element_type=\"column\" data-settings=\"{&quot;background_background&quot;:&quot;classic&quot;}\">\n\t\t\t<div class=\"elementor-widget-wrap elementor-element-populated\">\n\t\t\t\t\t\t<div class=\"elementor-element elementor-element-8ece69a elementor-widget elementor-widget-text-editor\" data-id=\"8ece69a\" data-element_type=\"widget\" data-widget_type=\"text-editor.default\">\n\t\t\t\t<div class=\"elementor-widget-container\">\n\t\t\t\t\t\t\t\t\t<p><span style=\"font-weight: 400;\">La<\/span> <a href=\"https:\/\/www.udg.edu\/ca\/\">\n  <span style=\"font-weight: 400;\">Universitat de Girona<\/span>\n<\/a> <span style=\"font-weight: 400;\">(UdG) \u00e9s una instituci\u00f3 p\u00fablica d&#8217;educaci\u00f3 superior dedicada a l&#8217;excel\u00b7l\u00e8ncia acad\u00e8mica que s&#8217;esfor\u00e7a per contribuir al progr\u00e9s de la societat mitjan\u00e7ant la creaci\u00f3, transmissi\u00f3, difusi\u00f3 i revisi\u00f3 del coneixement.<\/span> <a href=\"https:\/\/udigital.udg.edu\/\">\n  <span style=\"font-weight: 400;\">UdiGitalEdu<\/span>\n<\/a> <span style=\"font-weight: 400;\">(<\/span> <a href=\"https:\/\/vicorob.udg.edu\/\">\n  <span style=\"font-weight: 400;\">Institut VICOROB)<\/span>\n<\/a><span style=\"font-weight: 400;\">) \u00e9s un dels seus grups de recerca i desenvolupa projectes en els camps de l&#8217;Educaci\u00f3, la Tecnologia i el Desenvolupament Internacional amb un enfocament multidisciplinari. El grup se centra especialment en els infants migrants nouvinguts i les comunitats desfavorides.   <\/span><\/p>\t\t\t\t\t\t\t\t<\/div>\n\t\t\t\t<\/div>\n\t\t\t\t<div class=\"elementor-element elementor-element-94b3991 elementor-widget elementor-widget-video\" data-id=\"94b3991\" data-element_type=\"widget\" data-settings=\"{&quot;youtube_url&quot;:&quot;https:\\\/\\\/www.youtube.com\\\/watch?v=33Q7sK-MX2E&quot;,&quot;video_type&quot;:&quot;youtube&quot;,&quot;controls&quot;:&quot;yes&quot;}\" data-widget_type=\"video.default\">\n\t\t\t\t<div class=\"elementor-widget-container\">\n\t\t\t\t\t\t\t<div class=\"elementor-wrapper elementor-open-inline\">\n\t\t\t<div class=\"elementor-video\"><\/div>\t\t<\/div>\n\t\t\t\t\t\t<\/div>\n\t\t\t\t<\/div>\n\t\t\t\t\t<\/div>\n\t\t<\/div>\n\t\t\t\t<div class=\"elementor-column elementor-col-33 elementor-top-column elementor-element elementor-element-6de03d2\" data-id=\"6de03d2\" data-element_type=\"column\" data-settings=\"{&quot;background_background&quot;:&quot;classic&quot;}\">\n\t\t\t<div class=\"elementor-widget-wrap elementor-element-populated\">\n\t\t\t\t\t\t<div class=\"elementor-element elementor-element-78ff637 elementor-widget elementor-widget-text-editor\" data-id=\"78ff637\" data-element_type=\"widget\" data-widget_type=\"text-editor.default\">\n\t\t\t\t<div class=\"elementor-widget-container\">\n\t\t\t\t\t\t\t\t\t<p><span style=\"color: #000000;\">\n  <a style=\"color: #000000;\" href=\"https:\/\/agora.xtec.cat\/ceip-lafarga-salt\/\" target=\"_blank\" rel=\"noopener\">L&#8217;escola La Farga<\/a>\n<\/span> \u00e9s una escola p\u00fablica amb nens d&#8217;entre 3 i 12 anys, amb uns 380 alumnes, tot i que \u00e9s dif\u00edcil donar un nombre prec\u00eds, ja que tenim molts alumnes nous que s&#8217;incorporen a l&#8217;escola durant el curs escolar. Hi ha 6 grups a educaci\u00f3 infantil i 12 a prim\u00e0ria. Est\u00e0 situada al centre de la ciutat de Salt, on es concentra la major part de la poblaci\u00f3 nouvinguda.  <\/p><p>L&#8217;Escola La Farga est\u00e0 etiquetada com de m\u00e0xima complexitat pel Departament d&#8217;Ensenyament de la Generalitat de Catalunya. Aix\u00f2 \u00e9s degut a que el 100% de les fam\u00edlies del nostre alumnat s\u00f3n d&#8217;origen estranger (la mitjana de les escoles de Catalunya \u00e9s del 37,62%). Tenim fam\u00edlies de 17 pa\u00efsos diferents.    <\/p>\t\t\t\t\t\t\t\t<\/div>\n\t\t\t\t<\/div>\n\t\t\t\t<div class=\"elementor-element elementor-element-4aee4dc elementor-widget elementor-widget-video\" data-id=\"4aee4dc\" data-element_type=\"widget\" data-settings=\"{&quot;youtube_url&quot;:&quot;https:\\\/\\\/youtu.be\\\/GH5ZlkFPerc&quot;,&quot;video_type&quot;:&quot;youtube&quot;,&quot;controls&quot;:&quot;yes&quot;}\" data-widget_type=\"video.default\">\n\t\t\t\t<div class=\"elementor-widget-container\">\n\t\t\t\t\t\t\t<div class=\"elementor-wrapper elementor-open-inline\">\n\t\t\t<div class=\"elementor-video\"><\/div>\t\t<\/div>\n\t\t\t\t\t\t<\/div>\n\t\t\t\t<\/div>\n\t\t\t\t\t<\/div>\n\t\t<\/div>\n\t\t\t\t<div class=\"elementor-column elementor-col-33 elementor-top-column elementor-element elementor-element-251bd80\" data-id=\"251bd80\" data-element_type=\"column\">\n\t\t\t<div class=\"elementor-widget-wrap elementor-element-populated\">\n\t\t\t\t\t\t<div class=\"elementor-element elementor-element-5e57473 elementor-widget elementor-widget-text-editor\" data-id=\"5e57473\" data-element_type=\"widget\" data-widget_type=\"text-editor.default\">\n\t\t\t\t<div class=\"elementor-widget-container\">\n\t\t\t\t\t\t\t\t\t<p><span style=\"color: #000000;\">CB Salt<\/span> es va fundar el setembre de 1972 i \u00e9s una organitzaci\u00f3 sense \u00e0nim de lucre amb seu al municipi de Salt (Girona), amb seu al Pavell\u00f3 Municipal d&#8217;Esports. Enguany celebrarem el nostre 50\u00e8 aniversari.<br> El club est\u00e0 format per 22 equips de jugadors i jugadores, que arriben a m\u00e9s de 220 persones, d&#8217;edats compreses entre els 5 i els 18 anys. Cada equip tamb\u00e9 est\u00e0 format per dos entrenadors amb els seus<br> qualificaci\u00f3 oficial expedida per la Federaci\u00f3 Catalana de B\u00e0squet (FCBQ), per la qual cosa el club compta amb m\u00e9s de 40 entrenadors i monitors.  <\/p>\t\t\t\t\t\t\t\t<\/div>\n\t\t\t\t<\/div>\n\t\t\t\t<div class=\"elementor-element elementor-element-0e3d90d elementor-widget elementor-widget-image\" data-id=\"0e3d90d\" data-element_type=\"widget\" data-widget_type=\"image.default\">\n\t\t\t\t<div class=\"elementor-widget-container\">\n\t\t\t\t\t\t\t\t\t\t\t\t\t\t\t<img fetchpriority=\"high\" decoding=\"async\" width=\"1024\" height=\"710\" src=\"https:\/\/baskeuball.eu\/wp-content\/uploads\/2024\/02\/Captura-de-pantalla-2024-02-22-a-les-14.40.01-1024x710.png\" class=\"attachment-large size-large wp-image-26849\" alt=\"\" srcset=\"https:\/\/baskeuball.eu\/wp-content\/uploads\/2024\/02\/Captura-de-pantalla-2024-02-22-a-les-14.40.01-1024x710.png 1024w, https:\/\/baskeuball.eu\/wp-content\/uploads\/2024\/02\/Captura-de-pantalla-2024-02-22-a-les-14.40.01-300x208.png 300w, https:\/\/baskeuball.eu\/wp-content\/uploads\/2024\/02\/Captura-de-pantalla-2024-02-22-a-les-14.40.01-768x533.png 768w, https:\/\/baskeuball.eu\/wp-content\/uploads\/2024\/02\/Captura-de-pantalla-2024-02-22-a-les-14.40.01-1536x1066.png 1536w, https:\/\/baskeuball.eu\/wp-content\/uploads\/2024\/02\/Captura-de-pantalla-2024-02-22-a-les-14.40.01-2048x1421.png 2048w\" sizes=\"(max-width: 1024px) 100vw, 1024px\" \/>\t\t\t\t\t\t\t\t\t\t\t\t\t\t\t<\/div>\n\t\t\t\t<\/div>\n\t\t\t\t\t<\/div>\n\t\t<\/div>\n\t\t\t\t\t<\/div>\n\t\t<\/section>\n\t\t\t\t<section class=\"elementor-section elementor-top-section elementor-element elementor-element-356a6ef elementor-section-boxed elementor-section-height-default elementor-section-height-default\" data-id=\"356a6ef\" data-element_type=\"section\" data-settings=\"{&quot;background_background&quot;:&quot;classic&quot;}\">\n\t\t\t\t\t\t<div class=\"elementor-container elementor-column-gap-default\">\n\t\t\t\t\t<div class=\"elementor-column elementor-col-100 elementor-top-column elementor-element elementor-element-93d3659\" data-id=\"93d3659\" data-element_type=\"column\">\n\t\t\t<div class=\"elementor-widget-wrap elementor-element-populated\">\n\t\t\t\t\t\t<div class=\"elementor-element elementor-element-c9a399c elementor-widget elementor-widget-spacer\" data-id=\"c9a399c\" data-element_type=\"widget\" data-widget_type=\"spacer.default\">\n\t\t\t\t<div class=\"elementor-widget-container\">\n\t\t\t\t\t\t\t<div class=\"elementor-spacer\">\n\t\t\t<div class=\"elementor-spacer-inner\"><\/div>\n\t\t<\/div>\n\t\t\t\t\t\t<\/div>\n\t\t\t\t<\/div>\n\t\t\t\t\t<\/div>\n\t\t<\/div>\n\t\t\t\t\t<\/div>\n\t\t<\/section>\n\t\t\t\t<section class=\"elementor-section elementor-top-section elementor-element elementor-element-73e9b20 elementor-section-boxed elementor-section-height-default elementor-section-height-default\" data-id=\"73e9b20\" data-element_type=\"section\">\n\t\t\t\t\t\t<div class=\"elementor-container elementor-column-gap-default\">\n\t\t\t\t\t<div class=\"elementor-column elementor-col-33 elementor-top-column elementor-element elementor-element-02111dd\" data-id=\"02111dd\" data-element_type=\"column\" data-settings=\"{&quot;background_background&quot;:&quot;classic&quot;}\">\n\t\t\t<div class=\"elementor-widget-wrap elementor-element-populated\">\n\t\t\t\t\t\t<div class=\"elementor-element elementor-element-ea95433 elementor-widget elementor-widget-text-editor\" data-id=\"ea95433\" data-element_type=\"widget\" data-widget_type=\"text-editor.default\">\n\t\t\t\t<div class=\"elementor-widget-container\">\n\t\t\t\t\t\t\t\t\t<p><a href=\"marcador de posici\u00f3 d'enlla\u00e7_wp\" data-wplink-edit=\"true\">La Universitat Esportiva de Litu\u00e0nia<\/a> (LSU), fundada el 1934, \u00e9s una instituci\u00f3 p\u00fablica d&#8217;educaci\u00f3 superior especialitzada que ha desenvolupat les seves tradicions \u00faniques en esport, oci i ci\u00e8ncies de la salut. Amb la seva missi\u00f3 de contribuir al desenvolupament sostenible de la societat a trav\u00e9s de la recerca a nivell internacional i l&#8217;excel\u00b7l\u00e8ncia acad\u00e8mica, la LSU \u00e9s coneguda com un centre acad\u00e8mic i de recerca l\u00edder en ci\u00e8ncies de l&#8217;esport a la regi\u00f3 del Mar B\u00e0ltic. <\/p><p>La LSU ofereix programes d&#8217;estudi en els tres cicles d&#8217;estudi, principalment en ci\u00e8ncies de l&#8217;esport, on els estudis, la recerca i la pr\u00e0ctica s\u00f3n&#8230;<br> estretament interconnectats.<\/p>\t\t\t\t\t\t\t\t<\/div>\n\t\t\t\t<\/div>\n\t\t\t\t<div class=\"elementor-element elementor-element-aeada48 elementor-widget elementor-widget-video\" data-id=\"aeada48\" data-element_type=\"widget\" data-settings=\"{&quot;youtube_url&quot;:&quot;https:\\\/\\\/www.youtube.com\\\/watch?v=0kbd18avLQY&quot;,&quot;video_type&quot;:&quot;youtube&quot;,&quot;controls&quot;:&quot;yes&quot;}\" data-widget_type=\"video.default\">\n\t\t\t\t<div class=\"elementor-widget-container\">\n\t\t\t\t\t\t\t<div class=\"elementor-wrapper elementor-open-inline\">\n\t\t\t<div class=\"elementor-video\"><\/div>\t\t<\/div>\n\t\t\t\t\t\t<\/div>\n\t\t\t\t<\/div>\n\t\t\t\t\t<\/div>\n\t\t<\/div>\n\t\t\t\t<div class=\"elementor-column elementor-col-33 elementor-top-column elementor-element elementor-element-6242084\" data-id=\"6242084\" data-element_type=\"column\" data-settings=\"{&quot;background_background&quot;:&quot;classic&quot;}\">\n\t\t\t<div class=\"elementor-widget-wrap elementor-element-populated\">\n\t\t\t\t\t\t<div class=\"elementor-element elementor-element-0ceb638 elementor-widget elementor-widget-text-editor\" data-id=\"0ceb638\" data-element_type=\"widget\" data-widget_type=\"text-editor.default\">\n\t\t\t\t<div class=\"elementor-widget-container\">\n\t\t\t\t\t\t\t\t\t<p>El gimn\u00e0s <span style=\"color: #000000;\">de Kaunas St. Kazimieras<\/span> \u00e9s una escola situada als afores de Kaunas que ensenya a alumnes de 6 a 14 anys.<br> La nostra escola ofereix educaci\u00f3 preescolar, prim\u00e0ria i b\u00e0sica. Els nostres alumnes tenen totes les oportunitats per a l&#8217;autoexpressi\u00f3 i el nostre objectiu \u00e9s que siguin de ment oberta, curiosos, creatius i que esdevinguin persones interessades no nom\u00e9s pel seu propi pa\u00eds, sin\u00f3 que tamb\u00e9 se sentin ciutadans de la comunitat europea. Els valors de la nostra escola s\u00f3n: democr\u00e0cia, responsabilitat, respecte, toler\u00e0ncia, empatia, creativitat, ciutadania activa, necessitat de millorar i cooperaci\u00f3 de la comunitat escolar per a un treball significatiu.  <\/p>\t\t\t\t\t\t\t\t<\/div>\n\t\t\t\t<\/div>\n\t\t\t\t\t<\/div>\n\t\t<\/div>\n\t\t\t\t<div class=\"elementor-column elementor-col-33 elementor-top-column elementor-element elementor-element-0794d81\" data-id=\"0794d81\" data-element_type=\"column\">\n\t\t\t<div class=\"elementor-widget-wrap elementor-element-populated\">\n\t\t\t\t\t\t<div class=\"elementor-element elementor-element-ad78775 elementor-widget elementor-widget-text-editor\" data-id=\"ad78775\" data-element_type=\"widget\" data-widget_type=\"text-editor.default\">\n\t\t\t\t<div class=\"elementor-widget-container\">\n\t\t\t\t\t\t\t\t\t<p><a href=\"https:\/\/kasnaiperis.lt\/\" target=\"_blank\" rel=\"noopener\">BA SNAIPERIS<\/a> es va fundar el 19 d&#8217;agost de 2004. L&#8217;ACAD\u00c8MIA reuneix uns 1000 nens, nens i nenes de diferents edats: 500 nens d&#8217;educaci\u00f3 infantil (4-6 anys) i 500 nens en edat escolar (7-18 anys). L&#8217;entrenament de b\u00e0squet est\u00e0 organitzat per 20 entrenadors de b\u00e0squet. Cooperem amb m\u00e9s de 40 escoles infantils, escoles prim\u00e0ries, escoles secund\u00e0ries i gimnasos de la ciutat i el districte de Kaunas, els nens dels quals trien fer esport i cr\u00e9ixer amb la nostra Acad\u00e8mia.   <\/p>\t\t\t\t\t\t\t\t<\/div>\n\t\t\t\t<\/div>\n\t\t\t\t<div class=\"elementor-element elementor-element-a4c1e21 elementor-widget elementor-widget-video\" data-id=\"a4c1e21\" data-element_type=\"widget\" data-settings=\"{&quot;youtube_url&quot;:&quot;https:\\\/\\\/www.youtube.com\\\/watch?v=E6ytboa9av0&quot;,&quot;video_type&quot;:&quot;youtube&quot;,&quot;controls&quot;:&quot;yes&quot;}\" data-widget_type=\"video.default\">\n\t\t\t\t<div class=\"elementor-widget-container\">\n\t\t\t\t\t\t\t<div class=\"elementor-wrapper elementor-open-inline\">\n\t\t\t<div class=\"elementor-video\"><\/div>\t\t<\/div>\n\t\t\t\t\t\t<\/div>\n\t\t\t\t<\/div>\n\t\t\t\t\t<\/div>\n\t\t<\/div>\n\t\t\t\t\t<\/div>\n\t\t<\/section>\n\t\t\t\t<section class=\"elementor-section elementor-top-section elementor-element elementor-element-91b54fb elementor-section-boxed elementor-section-height-default elementor-section-height-default\" data-id=\"91b54fb\" data-element_type=\"section\" data-settings=\"{&quot;background_background&quot;:&quot;classic&quot;}\">\n\t\t\t\t\t\t<div class=\"elementor-container elementor-column-gap-default\">\n\t\t\t\t\t<div class=\"elementor-column elementor-col-100 elementor-top-column elementor-element elementor-element-6ed488f\" data-id=\"6ed488f\" data-element_type=\"column\">\n\t\t\t<div class=\"elementor-widget-wrap elementor-element-populated\">\n\t\t\t\t\t\t<div class=\"elementor-element elementor-element-2e932da elementor-widget elementor-widget-spacer\" data-id=\"2e932da\" data-element_type=\"widget\" data-widget_type=\"spacer.default\">\n\t\t\t\t<div class=\"elementor-widget-container\">\n\t\t\t\t\t\t\t<div class=\"elementor-spacer\">\n\t\t\t<div class=\"elementor-spacer-inner\"><\/div>\n\t\t<\/div>\n\t\t\t\t\t\t<\/div>\n\t\t\t\t<\/div>\n\t\t\t\t\t<\/div>\n\t\t<\/div>\n\t\t\t\t\t<\/div>\n\t\t<\/section>\n\t\t\t\t<section class=\"elementor-section elementor-top-section elementor-element elementor-element-8a57808 elementor-section-boxed elementor-section-height-default elementor-section-height-default\" data-id=\"8a57808\" data-element_type=\"section\">\n\t\t\t\t\t\t<div class=\"elementor-container elementor-column-gap-default\">\n\t\t\t\t\t<div class=\"elementor-column elementor-col-33 elementor-top-column elementor-element elementor-element-69e3874\" data-id=\"69e3874\" data-element_type=\"column\" data-settings=\"{&quot;background_background&quot;:&quot;classic&quot;}\">\n\t\t\t<div class=\"elementor-widget-wrap elementor-element-populated\">\n\t\t\t\t\t\t<div class=\"elementor-element elementor-element-aac36e9 elementor-widget elementor-widget-text-editor\" data-id=\"aac36e9\" data-element_type=\"widget\" data-widget_type=\"text-editor.default\">\n\t\t\t\t<div class=\"elementor-widget-container\">\n\t\t\t\t\t\t\t\t\t<p><a href=\"https:\/\/action.gr\/\" target=\"_blank\" rel=\"noopener\">Action Synergy SA<\/a> \u00e9s una organitzaci\u00f3 d&#8217;educaci\u00f3, formaci\u00f3 i aplicacions basades en el coneixement que participa activament en el desenvolupament de tecnologies educatives, metodologies de formaci\u00f3 i el desenvolupament de cursos de formaci\u00f3 en l\u00ednia.<\/p><p><br>Action Synergy SA disposa d&#8217;una llarga experi\u00e8ncia en la gesti\u00f3 i coordinaci\u00f3 de projectes europeus. Des de la seva fundaci\u00f3 el 1986, l&#8217;organitzaci\u00f3 ha participat en un nombre considerable de projectes educatius de la UE, com ara COMETT, PETRA, SOCRATES, LEONARDO DA VINCI, ADAPT, TEMPUS, PHARE, aprenentatge a dist\u00e0ncia, LLP, ERASMUS+. <\/p>\t\t\t\t\t\t\t\t<\/div>\n\t\t\t\t<\/div>\n\t\t\t\t\t<\/div>\n\t\t<\/div>\n\t\t\t\t<div class=\"elementor-column elementor-col-33 elementor-top-column elementor-element elementor-element-b58b340\" data-id=\"b58b340\" data-element_type=\"column\" data-settings=\"{&quot;background_background&quot;:&quot;classic&quot;}\">\n\t\t\t<div class=\"elementor-widget-wrap elementor-element-populated\">\n\t\t\t\t\t\t<div class=\"elementor-element elementor-element-073a875 elementor-widget elementor-widget-text-editor\" data-id=\"073a875\" data-element_type=\"widget\" data-widget_type=\"text-editor.default\">\n\t\t\t\t<div class=\"elementor-widget-container\">\n\t\t\t\t\t\t\t\t\t<p><span style=\"color: #000000;\">L&#8217;escola de 2n de prim\u00e0ria Nea Peramos Attikis<\/span> \u00e9s un dels tres instituts d&#8217;educaci\u00f3 prim\u00e0ria de la ciutat de N. Peramos Attikis. La nostra escola funciona dins d&#8217;un Programa Educatiu Unificat Reformulat i funciona de 8.00 a 16.00. Hi ha 300 alumnes, amb un 9% d&#8217;estudiants de pa\u00efsos estrangers i un 8% de nens roman\u00eds.  <\/p><p>El personal de l&#8217;escola est\u00e0 molt interessat en crear experi\u00e8ncies d&#8217;aprenentatge atractives per a tots els alumnes, ja que l&#8217;educaci\u00f3 inclusiva \u00e9s una base per a societats equitatives.<\/p>\t\t\t\t\t\t\t\t<\/div>\n\t\t\t\t<\/div>\n\t\t\t\t\t<\/div>\n\t\t<\/div>\n\t\t\t\t<div class=\"elementor-column elementor-col-33 elementor-top-column elementor-element elementor-element-2e6c012\" data-id=\"2e6c012\" data-element_type=\"column\">\n\t\t\t<div class=\"elementor-widget-wrap elementor-element-populated\">\n\t\t\t\t\t\t<div class=\"elementor-element elementor-element-6b5681f elementor-widget elementor-widget-text-editor\" data-id=\"6b5681f\" data-element_type=\"widget\" data-widget_type=\"text-editor.default\">\n\t\t\t\t<div class=\"elementor-widget-container\">\n\t\t\t\t\t\t\t\t\t<p>L&#8217;objectiu principal d&#8217; <span style=\"color: #000000;\">Enosi Neas Peramou &#8211; Megaron<\/span> \u00e9s entrenar nens i nenes, a partir dels 5 anys, en l&#8217;esport del b\u00e0squet.<\/p><p> <\/p>\t\t\t\t\t\t\t\t<\/div>\n\t\t\t\t<\/div>\n\t\t\t\t<div class=\"elementor-element elementor-element-be34bd1 elementor-widget elementor-widget-image\" data-id=\"be34bd1\" data-element_type=\"widget\" data-widget_type=\"image.default\">\n\t\t\t\t<div class=\"elementor-widget-container\">\n\t\t\t\t\t\t\t\t\t\t\t\t\t\t\t<img decoding=\"async\" width=\"960\" height=\"540\" src=\"https:\/\/baskeuball.eu\/wp-content\/uploads\/2024\/02\/347396432_770643161528748_5693166946512125413_n.jpg\" class=\"attachment-large size-large wp-image-26850\" alt=\"\" srcset=\"https:\/\/baskeuball.eu\/wp-content\/uploads\/2024\/02\/347396432_770643161528748_5693166946512125413_n.jpg 960w, https:\/\/baskeuball.eu\/wp-content\/uploads\/2024\/02\/347396432_770643161528748_5693166946512125413_n-300x169.jpg 300w, https:\/\/baskeuball.eu\/wp-content\/uploads\/2024\/02\/347396432_770643161528748_5693166946512125413_n-768x432.jpg 768w\" sizes=\"(max-width: 960px) 100vw, 960px\" \/>\t\t\t\t\t\t\t\t\t\t\t\t\t\t\t<\/div>\n\t\t\t\t<\/div>\n\t\t\t\t\t<\/div>\n\t\t<\/div>\n\t\t\t\t\t<\/div>\n\t\t<\/section>\n\t\t\t\t<\/div>\n\t\t","protected":false},"excerpt":{"rendered":"<p>Consorci La Universitat de Girona (UdG) \u00e9s una instituci\u00f3 p\u00fablica d&#8217;educaci\u00f3 superior dedicada a l&#8217;excel\u00b7l\u00e8ncia acad\u00e8mica que s&#8217;esfor\u00e7a per contribuir al progr\u00e9s de la societat mitjan\u00e7ant la creaci\u00f3, transmissi\u00f3, difusi\u00f3 i revisi\u00f3 del coneixement. UdiGitalEdu ( Institut VICOROB) ) \u00e9s un dels seus grups de recerca i desenvolupa projectes en els camps de l&#8217;Educaci\u00f3, la [&hellip;]<\/p>\n","protected":false},"author":1,"featured_media":0,"parent":0,"menu_order":0,"comment_status":"closed","ping_status":"closed","template":"","meta":{"_monsterinsights_skip_tracking":false,"_monsterinsights_sitenote_active":false,"_monsterinsights_sitenote_note":"","_monsterinsights_sitenote_category":0,"_uf_show_specific_survey":0,"_uf_disable_surveys":false,"site-sidebar-layout":"no-sidebar","site-content-layout":"page-builder","ast-site-content-layout":"full-width-container","site-content-style":"default","site-sidebar-style":"default","ast-global-header-display":"","ast-banner-title-visibility":"","ast-main-header-display":"","ast-hfb-above-header-display":"","ast-hfb-below-header-display":"","ast-hfb-mobile-header-display":"","site-post-title":"disabled","ast-breadcrumbs-content":"","ast-featured-img":"disabled","footer-sml-layout":"","theme-transparent-header-meta":"","adv-header-id-meta":"","stick-header-meta":"","header-above-stick-meta":"","header-main-stick-meta":"","header-below-stick-meta":"","astra-migrate-meta-layouts":"default","ast-page-background-enabled":"default","ast-page-background-meta":{"desktop":{"background-color":"","background-image":"","background-repeat":"repeat","background-position":"center center","background-size":"auto","background-attachment":"scroll","background-type":"","background-media":"","overlay-type":"","overlay-color":"","overlay-opacity":"","overlay-gradient":""},"tablet":{"background-color":"","background-image":"","background-repeat":"repeat","background-position":"center center","background-size":"auto","background-attachment":"scroll","background-type":"","background-media":"","overlay-type":"","overlay-color":"","overlay-opacity":"","overlay-gradient":""},"mobile":{"background-color":"","background-image":"","background-repeat":"repeat","background-position":"center center","background-size":"auto","background-attachment":"scroll","background-type":"","background-media":"","overlay-type":"","overlay-color":"","overlay-opacity":"","overlay-gradient":""}},"ast-content-background-meta":{"desktop":{"background-color":"var(--ast-global-color-5)","background-image":"","background-repeat":"repeat","background-position":"center center","background-size":"auto","background-attachment":"scroll","background-type":"","background-media":"","overlay-type":"","overlay-color":"","overlay-opacity":"","overlay-gradient":""},"tablet":{"background-color":"var(--ast-global-color-5)","background-image":"","background-repeat":"repeat","background-position":"center center","background-size":"auto","background-attachment":"scroll","background-type":"","background-media":"","overlay-type":"","overlay-color":"","overlay-opacity":"","overlay-gradient":""},"mobile":{"background-color":"var(--ast-global-color-5)","background-image":"","background-repeat":"repeat","background-position":"center center","background-size":"auto","background-attachment":"scroll","background-type":"","background-media":"","overlay-type":"","overlay-color":"","overlay-opacity":"","overlay-gradient":""}},"footnotes":""},"class_list":["post-26848","page","type-page","status-publish","hentry"],"_links":{"self":[{"href":"https:\/\/baskeuball.eu\/ca\/wp-json\/wp\/v2\/pages\/26848","targetHints":{"allow":["GET"]}}],"collection":[{"href":"https:\/\/baskeuball.eu\/ca\/wp-json\/wp\/v2\/pages"}],"about":[{"href":"https:\/\/baskeuball.eu\/ca\/wp-json\/wp\/v2\/types\/page"}],"author":[{"embeddable":true,"href":"https:\/\/baskeuball.eu\/ca\/wp-json\/wp\/v2\/users\/1"}],"replies":[{"embeddable":true,"href":"https:\/\/baskeuball.eu\/ca\/wp-json\/wp\/v2\/comments?post=26848"}],"version-history":[{"count":6,"href":"https:\/\/baskeuball.eu\/ca\/wp-json\/wp\/v2\/pages\/26848\/revisions"}],"predecessor-version":[{"id":26908,"href":"https:\/\/baskeuball.eu\/ca\/wp-json\/wp\/v2\/pages\/26848\/revisions\/26908"}],"wp:attachment":[{"href":"https:\/\/baskeuball.eu\/ca\/wp-json\/wp\/v2\/media?parent=26848"}],"curies":[{"name":"wp","href":"https:\/\/api.w.org\/{rel}","templated":true}]}}